{"id":1012,"date":"2022-05-21T16:35:27","date_gmt":"2022-05-21T14:35:27","guid":{"rendered":"http:\/\/www.aiolos.fi\/?page_id=1012"},"modified":"2025-11-25T15:12:02","modified_gmt":"2025-11-25T13:12:02","slug":"etusivu","status":"publish","type":"page","link":"https:\/\/www.aiolos.fi\/","title":{"rendered":"Kamarikuoro Aiolos"},"content":{"rendered":"\n<figure class=\"wp-block-embed is-type-video is-provider-youtube wp-block-embed-youtube wp-embed-aspect-16-9 wp-has-aspect-ratio\"><div class=\"wp-block-embed__wrapper\">\n<iframe loading=\"lazy\" title=\"Kamarikuoro Aiolos - Heinill\u00e4 h\u00e4rkien kaukalon\" width=\"474\" height=\"267\" src=\"https:\/\/www.youtube.com\/embed\/caqevzW6ZPI?feature=oembed\" frameborder=\"0\" allow=\"accelerometer; autoplay; clipboard-write; encrypted-media; gyroscope; picture-in-picture; web-share\" referrerpolicy=\"strict-origin-when-cross-origin\" allowfullscreen><\/iframe>\n<\/div><figcaption>Aiolos ennen kauneimpia joululauluja Kempeleen kirkossa 2024<\/figcaption><\/figure>\n\n\n\n<p>Kamarikuoro Aiolos laulaa perinteist\u00e4 suomalaista kuoromusiikkia ja kansanlauluja, hengellisi\u00e4 lauluja, kevytt\u00e4 musiikkia ja yhteisty\u00f6ss\u00e4 alueen muiden kuorojen kanssa orkesteris\u00e4sestyksellisi\u00e4 teoksia<\/p>\n\n\n\n<div class=\"wp-container-1 wp-block-group\"><div class=\"wp-block-group__inner-container\">\n<figure class=\"wp-block-gallery has-nested-images columns-default is-cropped\">\n<figure class=\"wp-block-image size-large\"><a href=\"https:\/\/www.aiolos.fi\/wp-content\/uploads\/2025\/10\/Aiolos-Malla-johtaja-ja-Jere-pianisti.jpg\"><img loading=\"lazy\" width=\"1024\" height=\"768\" src=\"https:\/\/www.aiolos.fi\/wp-content\/uploads\/2025\/10\/Aiolos-Malla-johtaja-ja-Jere-pianisti-1024x768.jpg\" alt=\"\" class=\"wp-image-1246\" srcset=\"https:\/\/www.aiolos.fi\/wp-content\/uploads\/2025\/10\/Aiolos-Malla-johtaja-ja-Jere-pianisti-1024x768.jpg 1024w, https:\/\/www.aiolos.fi\/wp-content\/uploads\/2025\/10\/Aiolos-Malla-johtaja-ja-Jere-pianisti-300x225.jpg 300w, https:\/\/www.aiolos.fi\/wp-content\/uploads\/2025\/10\/Aiolos-Malla-johtaja-ja-Jere-pianisti-768x576.jpg 768w, https:\/\/www.aiolos.fi\/wp-content\/uploads\/2025\/10\/Aiolos-Malla-johtaja-ja-Jere-pianisti-1536x1152.jpg 1536w, https:\/\/www.aiolos.fi\/wp-content\/uploads\/2025\/10\/Aiolos-Malla-johtaja-ja-Jere-pianisti.jpg 1600w\" sizes=\"(max-width: 1024px) 100vw, 1024px\" \/><\/a><\/figure>\n<figcaption class=\"blocks-gallery-caption\">Aiolos, johtaja Malla Kaarlela ja pianisti Jere Tulirinta \u00e4\u00e4nityksiss\u00e4 12.10.2025 Kokkokankaan seurakuntatalolla<\/figcaption><\/figure>\n<\/div><\/div>\n\n\n\n<p><strong>Aiolos-sointia, naurua ja laulua<\/strong><\/p>\n\n\n\n<p>Kamarikuoro Aiolosta on kuvattu n\u00e4in: \u201dAioloksessa parasta on l\u00e4mmin ja mukava ilmapiiri. Musiikkia tehd\u00e4\u00e4n tosissaan, mutta ei liian tiukkapipoisesti. \u00c4\u00e4nenmuodostukseen kiinnitet\u00e4\u00e4n harjoituksissa paljon huomiota. Aioloksella on oma vahva sointinsa, joka syntyy mielest\u00e4ni siit\u00e4, ett\u00e4 \u00e4\u00e4ni\u00e4 ei liikaa yritet\u00e4 puristaa samaan muottiin, vaan jokainen saa laulaa vapaasti omalla persoonallisella \u00e4\u00e4nell\u00e4\u00e4n. T\u00e4rke\u00e4\u00e4 on, ett\u00e4 laulaminen tuntuu hyv\u00e4lt\u00e4 ja meill\u00e4 on kuorossa hyv\u00e4 olla. T\u00e4m\u00e4 kuuluu mielest\u00e4ni my\u00f6s Aiolos-soinnissa. Harjoituksissa nauru raikaa melkein yht\u00e4 paljon kuin laulukin. Meill\u00e4 on hyv\u00e4 porukka! Kuorolaiset ovat positiivisia, toisiaan tukevia, taitavia ja lauluharrastukseensa sitoutuneita. Kuoroharjoitusten j\u00e4lkeen on aina hyv\u00e4 mieli. Ja koska harjoituksemme ovat sunnuntai-iltaisin, uuteen ty\u00f6viikkoon on mukava valmistautua laulamalla &#8211; hyv\u00e4ss\u00e4 seurassa.\u201d<\/p>\n\n\n\n<p><strong>\u00c4\u00e4nitteit\u00e4, kulttuuripalkinto ja kuororeissuja<\/strong><\/p>\n\n\n\n<p>Aiolos sai Kempeleen kunnan kulttuuripalkinnon v. 2009 ja kuoro on julkaissut kaksi levy\u00e4: \u201dSaavu jo joulu\u201d ja \u201dEnsimm\u00e4inen kev\u00e4tp\u00e4iv\u00e4\u201d. Kuoro osallistuu aktiivisesti kuorofestivaaleille, erilaisiin produktioihin ja k\u00e4y my\u00f6s laulamassa ik\u00e4ihmisille. Kuoromatkoja Aiolos on tehnyt Viroon, Saksaan ja Italiaan.<\/p>\n\n\n\n<p><strong>Seppo H\u00e4rk\u00f6nen perusti Aioloksen vuonna 1992<\/strong><\/p>\n\n\n\n<p>Kamarikuoro Aiolos on perustettu Kempeleess\u00e4 tammikuussa 1992. Perustajana oli Aioloksen pitk\u00e4aikainen kuoronjohtaja Seppo H\u00e4rk\u00f6nen. Vuonna 2006 Elina K\u00f6n\u00f6nen aloitti Aioloksen johtajana. Vuodesta 2015 l\u00e4htien kuoronjohtajana toimi Satu Korpi. Syksyst\u00e4 2019 kuoron otti johtoonsa Riikka Saarela. Syksyll\u00e4 2022 puikkoihin astui Malla Kaarlela. Aiolos on Kempeleen kansalaisopiston alainen kuoro.<\/p>\n\n\n\n<p>Aiolos on kreikkaa ja tarkoittaa tuulikannelta, tuultenhaltijaa ja tuulten musiikkia. Aioloslaiset toivottavat l\u00e4mpim\u00e4sti mukaan uusia laulajia.<\/p>\n\n\n\n<figure class=\"wp-block-embed is-type-video is-provider-youtube wp-block-embed-youtube wp-embed-aspect-16-9 wp-has-aspect-ratio\"><div class=\"wp-block-embed__wrapper\">\n<iframe loading=\"lazy\" title=\"Aiolos   HD 1080p\" width=\"474\" height=\"267\" src=\"https:\/\/www.youtube.com\/embed\/T31hjZxDt8c?feature=oembed\" frameborder=\"0\" allow=\"accelerometer; autoplay; clipboard-write; encrypted-media; gyroscope; picture-in-picture; web-share\" referrerpolicy=\"strict-origin-when-cross-origin\" allowfullscreen><\/iframe>\n<\/div><figcaption>Aiolos harjoittelee maaliskuussa 2023<\/figcaption><\/figure>\n<div id=\"wp_fb_like_button\" style=\"margin:5px 5px 5px 0;float:left;height:100px;\"><script src=\"http:\/\/connect.facebook.net\/en_US\/all.js#xfbml=1\"><\/script><fb:like href=\"https:\/\/www.aiolos.fi\/\" send=\"true\" layout=\"standard\" width=\"450\" show_faces=\"true\" font=\"arial\" action=\"like\" colorscheme=\"light\"><\/fb:like><\/div>","protected":false},"excerpt":{"rendered":"<p>Kamarikuoro Aiolos laulaa perinteist\u00e4 suomalaista kuoromusiikkia ja kansanlauluja, hengellisi\u00e4 lauluja, kevytt\u00e4 musiikkia ja yhteisty\u00f6ss\u00e4 alueen muiden kuorojen kanssa orkesteris\u00e4sestyksellisi\u00e4 teoksia Aiolos-sointia, naurua ja laulua Kamarikuoro Aiolosta on kuvattu n\u00e4in: \u201dAioloksessa parasta on l\u00e4mmin ja mukava ilmapiiri. Musiikkia tehd\u00e4\u00e4n tosissaan, mutta ei liian tiukkapipoisesti. \u00c4\u00e4nenmuodostukseen kiinnitet\u00e4\u00e4n harjoituksissa paljon huomiota. Aioloksella on oma vahva sointinsa, joka syntyy &hellip; <a href=\"https:\/\/www.aiolos.fi\/\" class=\"more-link\">Jatka lukemista <span class=\"screen-reader-text\">Kamarikuoro Aiolos<\/span> <span class=\"meta-nav\">&rarr;<\/span><\/a><\/p>\n","protected":false},"author":1,"featured_media":0,"parent":0,"menu_order":0,"comment_status":"closed","ping_status":"closed","template":"","meta":[],"_links":{"self":[{"href":"https:\/\/www.aiolos.fi\/index.php?rest_route=\/wp\/v2\/pages\/1012"}],"collection":[{"href":"https:\/\/www.aiolos.fi\/index.php?rest_route=\/wp\/v2\/pages"}],"about":[{"href":"https:\/\/www.aiolos.fi\/index.php?rest_route=\/wp\/v2\/types\/page"}],"author":[{"embeddable":true,"href":"https:\/\/www.aiolos.fi\/index.php?rest_route=\/wp\/v2\/users\/1"}],"replies":[{"embeddable":true,"href":"https:\/\/www.aiolos.fi\/index.php?rest_route=%2Fwp%2Fv2%2Fcomments&post=1012"}],"version-history":[{"count":19,"href":"https:\/\/www.aiolos.fi\/index.php?rest_route=\/wp\/v2\/pages\/1012\/revisions"}],"predecessor-version":[{"id":1267,"href":"https:\/\/www.aiolos.fi\/index.php?rest_route=\/wp\/v2\/pages\/1012\/revisions\/1267"}],"wp:attachment":[{"href":"https:\/\/www.aiolos.fi\/index.php?rest_route=%2Fwp%2Fv2%2Fmedia&parent=1012"}],"curies":[{"name":"wp","href":"https:\/\/api.w.org\/{rel}","templated":true}]}}