{"id":105,"date":"2011-11-05T21:42:20","date_gmt":"2011-11-05T19:42:20","guid":{"rendered":"http:\/\/anubis.webholder.net\/~aiolos\/?page_id=105"},"modified":"2022-09-12T13:14:19","modified_gmt":"2022-09-12T11:14:19","slug":"musiikkinaytteita","status":"publish","type":"page","link":"https:\/\/www.aiolos.fi\/?page_id=105","title":{"rendered":"N\u00e4ytteit\u00e4 Aioloksen konserteista"},"content":{"rendered":"<p><strong>Irish Mass<\/strong><\/p>\n<p>Aiolos esitti yhdess\u00e4 Oulun kamarikuoron kanssa Gilles Mathieun Irlantilaisen messun Oulun tuomiokirkossa\u00a0 kev\u00e4\u00e4ll\u00e4 2012. Alla konsertissa kuvatut kappaleet.<\/p>\n<p><a href=\"http:\/\/www.youtube.com\/watch?v=amHQ-_qi0Vg\" target=\"_blank\" rel=\"noopener noreferrer\">A Thiarna<\/a> (Kyrie)<br \/><a href=\"http:\/\/www.youtube.com\/watch?v=a1X3ORmJuTU\" target=\"_blank\" rel=\"noopener noreferrer\">Gloir<\/a> (Gloria)<br \/><a href=\"http:\/\/www.youtube.com\/watch?v=ONNZoHiyKkA\" target=\"_blank\" rel=\"noopener noreferrer\">Creidim<\/a> (Credo)<br \/><a href=\"http:\/\/www.youtube.com\/watch?v=9pauD-nJJr8\">Is Naofa<\/a> (Sanctus)<br \/><a href=\"http:\/\/www.youtube.com\/watch?v=udEVLeqfRYs\">Is Beannaithe<\/a> (Benedictus)<br \/><a href=\"http:\/\/www.youtube.com\/watch?v=QdF4s6chdTI\">A Uain De<\/a> (Agnus Dei)<\/p>\n<p><strong>Aiempia kappaleita<\/strong><\/p>\n<p><a href=\"http:\/\/www.youtube.com\/watch?v=YnVlV6u6Ok8\">Amen<\/a><\/p>\n<p>Kappale on kuvattu joulukonsertista vuonna 2007\u00a0 Lumijoen kirkossa. Gospelkappaleen Amen solistina tunnelmoi Liisa Kervinen.<\/p>\n<p><a href=\"http:\/\/www.youtube.com\/watch?v=IXm3tFY4hc4\" target=\"_blank\" rel=\"noopener noreferrer\">Joulunkellot<\/a><br \/>Kauniin joululaulun Aiolos esitti Lumijoen kirkossa joulukonsertissa vuonna 2007.<\/p>\n\n\n<p>Vuosien varrella olemme esitt\u00e4neet upeita a cappella kuoroteoksia kuin my\u00f6s orkesteris\u00e4estyksellisi\u00e4 kappaleita. T\u00e4ss\u00e4 n\u00e4ytteit\u00e4 historian lehdilt\u00e4.<\/p>\n<div id=\"wp_fb_like_button\" style=\"margin:5px 5px 5px 0;float:left;height:100px;\"><script src=\"http:\/\/connect.facebook.net\/en_US\/all.js#xfbml=1\"><\/script><fb:like href=\"https:\/\/www.aiolos.fi\/?page_id=105\" send=\"true\" layout=\"standard\" width=\"450\" show_faces=\"true\" font=\"arial\" action=\"like\" colorscheme=\"light\"><\/fb:like><\/div>","protected":false},"excerpt":{"rendered":"<p>Irish Mass Aiolos esitti yhdess\u00e4 Oulun kamarikuoron kanssa Gilles Mathieun Irlantilaisen messun Oulun tuomiokirkossa\u00a0 kev\u00e4\u00e4ll\u00e4 2012. Alla konsertissa kuvatut kappaleet. A Thiarna (Kyrie)Gloir (Gloria)Creidim (Credo)Is Naofa (Sanctus)Is Beannaithe (Benedictus)A Uain De (Agnus Dei) Aiempia kappaleita Amen Kappale on kuvattu joulukonsertista vuonna 2007\u00a0 Lumijoen kirkossa. Gospelkappaleen Amen solistina tunnelmoi Liisa Kervinen. JoulunkellotKauniin joululaulun Aiolos esitti Lumijoen &hellip; <a href=\"https:\/\/www.aiolos.fi\/?page_id=105\" class=\"more-link\">Jatka lukemista <span class=\"screen-reader-text\">N\u00e4ytteit\u00e4 Aioloksen konserteista<\/span> <span class=\"meta-nav\">&rarr;<\/span><\/a><\/p>\n","protected":false},"author":1,"featured_media":0,"parent":65,"menu_order":0,"comment_status":"closed","ping_status":"closed","template":"","meta":[],"_links":{"self":[{"href":"https:\/\/www.aiolos.fi\/index.php?rest_route=\/wp\/v2\/pages\/105"}],"collection":[{"href":"https:\/\/www.aiolos.fi\/index.php?rest_route=\/wp\/v2\/pages"}],"about":[{"href":"https:\/\/www.aiolos.fi\/index.php?rest_route=\/wp\/v2\/types\/page"}],"author":[{"embeddable":true,"href":"https:\/\/www.aiolos.fi\/index.php?rest_route=\/wp\/v2\/users\/1"}],"replies":[{"embeddable":true,"href":"https:\/\/www.aiolos.fi\/index.php?rest_route=%2Fwp%2Fv2%2Fcomments&post=105"}],"version-history":[{"count":18,"href":"https:\/\/www.aiolos.fi\/index.php?rest_route=\/wp\/v2\/pages\/105\/revisions"}],"predecessor-version":[{"id":1064,"href":"https:\/\/www.aiolos.fi\/index.php?rest_route=\/wp\/v2\/pages\/105\/revisions\/1064"}],"up":[{"embeddable":true,"href":"https:\/\/www.aiolos.fi\/index.php?rest_route=\/wp\/v2\/pages\/65"}],"wp:attachment":[{"href":"https:\/\/www.aiolos.fi\/index.php?rest_route=%2Fwp%2Fv2%2Fmedia&parent=105"}],"curies":[{"name":"wp","href":"https:\/\/api.w.org\/{rel}","templated":true}]}}