{"id":108,"date":"2011-11-05T21:46:49","date_gmt":"2011-11-05T19:46:49","guid":{"rendered":"http:\/\/anubis.webholder.net\/~aiolos\/?page_id=108"},"modified":"2023-07-30T13:09:38","modified_gmt":"2023-07-30T11:09:38","slug":"media","status":"publish","type":"page","link":"https:\/\/www.aiolos.fi\/?page_id=108","title":{"rendered":"Medialle"},"content":{"rendered":"<p><\/p>\n\n\n<\/p>\n<figure class=\"wp-block-image size-large\"><a href=\"https:\/\/www.aiolos.fi\/wp-content\/uploads\/2011\/11\/varilogo.jpg\"><img loading=\"lazy\" width=\"668\" height=\"283\" class=\"wp-image-261\" src=\"https:\/\/www.aiolos.fi\/wp-content\/uploads\/2011\/11\/varilogo.jpg\" alt=\"\" srcset=\"https:\/\/www.aiolos.fi\/wp-content\/uploads\/2011\/11\/varilogo.jpg 668w, https:\/\/www.aiolos.fi\/wp-content\/uploads\/2011\/11\/varilogo-300x127.jpg 300w\" sizes=\"(max-width: 668px) 100vw, 668px\" \/><\/a><\/figure>\n<p>\n\n\n<p>Kamarikuoro Aiolos on kempelel\u00e4inen sekakuoro, jota johtaa Malla Kaarlela. Kuoron ohjelmisto koostuu monipuolisesta musiikista klassisesta kevyeen ja hengellisest\u00e4 musiikista kansanlauluihin. Kamarikuoro Aiolos on tunnettu soinnistaan ja kuoro kiinnitt\u00e4\u00e4kin harjoituksissaan paljon huomiota \u00e4\u00e4nenmuodostukseen ja yhteisen soinnin hiomiseen. Kolmekymmenvuotisen historiansa aikana Kamarikuoro Aiolos on ollut mukana suurissa orkesteris\u00e4estyksellisiss\u00e4 teoksissa Oulun seudulla, musiikkiteatteriesityksiss\u00e4 ja lukuisisssa konserteissa yhdess\u00e4 muiden alueen kuorojen kanssa. Aiolos ei kuitenkaan v\u00e4heksy yht\u00e4k\u00e4\u00e4n pient\u00e4 laulua, jota se harjoittelee ja esitt\u00e4\u00e4. Aiolos kokee tunnelman luomisen lyhyeen lauluun hedelm\u00e4lliseksi. Aiolos on tehnyt kuoromatkoja Saksaan, Italiaan ja Viroon. Kuorossa laulaa noin 20 laulajaa, ja kuoroon otetaan vuosittain uusia laulajia kaikkiin \u00e4\u00e4niin.<\/p>\n\n\n<figure class=\"wp-block-gallery has-nested-images columns-default is-cropped\"><\/figure>\n<div id=\"wp_fb_like_button\" style=\"margin:5px 5px 5px 0;float:left;height:100px;\"><script src=\"http:\/\/connect.facebook.net\/en_US\/all.js#xfbml=1\"><\/script><fb:like href=\"https:\/\/www.aiolos.fi\/?page_id=108\" send=\"true\" layout=\"standard\" width=\"450\" show_faces=\"true\" font=\"arial\" action=\"like\" colorscheme=\"light\"><\/fb:like><\/div>","protected":false},"excerpt":{"rendered":"<p>Kamarikuoro Aiolos on kempelel\u00e4inen sekakuoro, jota johtaa Malla Kaarlela. Kuoron ohjelmisto koostuu monipuolisesta musiikista klassisesta kevyeen ja hengellisest\u00e4 musiikista kansanlauluihin. Kamarikuoro Aiolos on tunnettu soinnistaan ja kuoro kiinnitt\u00e4\u00e4kin harjoituksissaan paljon huomiota \u00e4\u00e4nenmuodostukseen ja yhteisen soinnin hiomiseen. Kolmekymmenvuotisen historiansa aikana Kamarikuoro Aiolos on ollut mukana suurissa orkesteris\u00e4estyksellisiss\u00e4 teoksissa Oulun seudulla, musiikkiteatteriesityksiss\u00e4 ja lukuisisssa konserteissa yhdess\u00e4 muiden &hellip; <a href=\"https:\/\/www.aiolos.fi\/?page_id=108\" class=\"more-link\">Jatka lukemista <span class=\"screen-reader-text\">Medialle<\/span> <span class=\"meta-nav\">&rarr;<\/span><\/a><\/p>\n","protected":false},"author":1,"featured_media":0,"parent":0,"menu_order":0,"comment_status":"closed","ping_status":"open","template":"","meta":[],"_links":{"self":[{"href":"https:\/\/www.aiolos.fi\/index.php?rest_route=\/wp\/v2\/pages\/108"}],"collection":[{"href":"https:\/\/www.aiolos.fi\/index.php?rest_route=\/wp\/v2\/pages"}],"about":[{"href":"https:\/\/www.aiolos.fi\/index.php?rest_route=\/wp\/v2\/types\/page"}],"author":[{"embeddable":true,"href":"https:\/\/www.aiolos.fi\/index.php?rest_route=\/wp\/v2\/users\/1"}],"replies":[{"embeddable":true,"href":"https:\/\/www.aiolos.fi\/index.php?rest_route=%2Fwp%2Fv2%2Fcomments&post=108"}],"version-history":[{"count":38,"href":"https:\/\/www.aiolos.fi\/index.php?rest_route=\/wp\/v2\/pages\/108\/revisions"}],"predecessor-version":[{"id":1137,"href":"https:\/\/www.aiolos.fi\/index.php?rest_route=\/wp\/v2\/pages\/108\/revisions\/1137"}],"wp:attachment":[{"href":"https:\/\/www.aiolos.fi\/index.php?rest_route=%2Fwp%2Fv2%2Fmedia&parent=108"}],"curies":[{"name":"wp","href":"https:\/\/api.w.org\/{rel}","templated":true}]}}