{"id":114,"date":"2011-11-05T21:59:52","date_gmt":"2011-11-05T19:59:52","guid":{"rendered":"http:\/\/anubis.webholder.net\/~aiolos\/?page_id=114"},"modified":"2025-09-24T19:27:05","modified_gmt":"2025-09-24T17:27:05","slug":"wanhoja-tapahtumia","status":"publish","type":"page","link":"https:\/\/www.aiolos.fi\/?page_id=114","title":{"rendered":"Vanhat tapahtumat"},"content":{"rendered":"\n<p><\/p>\n\n\n<p><\/p>\n<p><strong>Kev\u00e4t 2025:<\/strong><\/p>\n<p> <\/p>\n<ul>\n<li>30.3.2025 klo 16 Piippolan kirkko, Aurinkomme yl\u00f6s nousi -kuorokonsertti yhdess\u00e4 Viola-kuoron kanssa<\/li>\n<li>8.4.2025 klo 18 Kokkokankaan seurakuntatalo, Kempele, Kempele-opiston oppilaskonsertti<\/li>\n<\/ul>\n<p><\/p>\n\n\n<p><strong>Syksy 2024:<\/strong><\/p>\n\n\n\n<ul><li>20.9.2024 klo 18 Musa kasvaa Kempeleess\u00e4 -kuorotapahtuma, Kempeleen Pyh\u00e4n Kolminaisuuden kirkko<\/li><li>17.11.2024 Esiintyminen Hovila-kodin asukkaille<\/li><li>14.12.2024 klo 14 Joulukonsertti naiskuoro D&#8217;Amenin kanssa Pyh\u00e4n Tuomaan kirkossa Oulussa (Mielikintie 3)<\/li><li>15.12.2024 klo 18 Kauneimmat joululaulut Kemepeleen Pyh\u00e4n Kolminaisuuden kirkossa<\/li><\/ul>\n\n\n<p><\/p>\n<p><strong>Kev\u00e4t 2024:<\/strong><\/p>\n<ul>\n<li>9.4.2024 klo 18 Esiintyminen Kempeleen Kirkonkyl\u00e4talolla<\/li>\n<li>2.5.2024 klo 18 Kempele Akatemian Kev\u00e4tn\u00e4yt\u00f6s Kempeleen Linnakangastalolla<\/li>\n<\/ul>\n<p><strong>Syksy 2023:<\/strong><\/p>\n<ul>\n<li>25.8.2023 klo 18 Kuorojen hyv\u00e4ntekev\u00e4isyyskonsertti Kempeleen Pyh\u00e4n Kolminaisuuden kirkossa<\/li>\n<li>26.8.2023 Nuotin vieress\u00e4 on tilaa -kuorotapahtuma Oulun keskustassa\n<ul>\n<li>klo 14 &#8211; 16 Kuorojen yhteiskonsertti Rotuaarin lavalla, Aiolos mukana yhteisnumeroissa<\/li>\n<\/ul>\n<ul>\n<li>klo 16 &#8211; 16.30 Aiolos Hemingway&#8217;s Rotuaari<\/li>\n<li>klo 17 &#8211; 17.30 Aiolos Irish Pub<\/li>\n<\/ul>\n<\/li>\n<li>4.11.2023 klo 18 Aiolos mukana pyh\u00e4inp\u00e4iv\u00e4n iltakirkossa Kempeleen kirkossa<\/li>\n<li>3.12.2023 klo 14 Joulukonsertti Limingan kirkossa (Wanhan Ajan Joulu -tapahtuman osa)<\/li>\n<li>3.12.2023 klo 18 Joulukonsertti Pyh\u00e4n Tuomaan kirkossa Oulun Puoliv\u00e4linkankaalla (Adventtitapahtuman osa)<\/li>\n<li>16.12.2023 Aiolos esiintyi Kempeleen vanhainkodeissa<\/li>\n<li>17.12.2023 klo 18 Aiolos Kauneimmissa joululauluissa Kempeleen kirkossa<\/li>\n<\/ul>\n<p><strong>Kev\u00e4t 2023:<\/strong><\/p>\n<ul>\n<li>29.3.2023 klo 17.30 Musiikkituokio Kempeleen kirjastolla<\/li>\n<li>27.4.2023 klo 18.30 Kempeleopiston kev\u00e4tkonsertti Kokkokankaan seurakuntatalolla Kempeleess\u00e4<\/li>\n<li>4.5.2023 klo 18.00 Akatemia Actionin ja Kempeleopiston yhteinen tapahtuma Kempeleen Kirkonkyl\u00e4n koulun D-salissa<\/li>\n<li>19.5.2023 klo 18 Vaasan kuorofestivaalien kirkkokonsertti Pyh\u00e4n Nikolaoksen kirkossa<\/li>\n<li>20.5.2023 klo 11.45 Vaasan kuorofestivaalien Non-Stop-konsertti Kauppakeskus Rewelliss\u00e4 Vaasassa<\/li>\n<li>20.5.2023 klo 13.20 Vaasan kuorofestivaalien Pop-Up-konsertti Vaasan kauppahallissa<\/li>\n<\/ul>\n<p><strong>Syksy 2022:<\/strong><\/p>\n<ul>\n<li>18.12. klo 16 Kauneimmat joululaulut, Kempeleen kirkko<\/li>\n<li>17.12. klo 12 Piril\u00e4n joulu, Kempele<\/li>\n<li>23.11. klo 18.30 Kempele-opiston joulukonsertti Kokkokankaan seurakuntatalolla<\/li>\n<li>27.8. Nuotin vieress\u00e4 on tilaa -kuorop\u00e4iv\u00e4 Oulussa\n<ul>\n<li>klo 12 Valkean kes\u00e4katu<\/li>\n<li>klo 13 Hemingway&#8217;s Rotuaari<\/li>\n<li>klo 13.40 &#8211; 14 Kuorokulkue Mannerheimin puistosta Rotuaarin lavalle<\/li>\n<li>klo 14 &#8211; 16 Kuorojen konsertti Rotuaarin lavalla, jossa Aioloksen vuoro on n. klo 14.20<\/li>\n<li>klo 17 Winebar Kurkela<\/li>\n<\/ul>\n<\/li>\n<\/ul>\n<h3>&nbsp;<\/h3>\n<p><strong>Kev\u00e4t 2022:<\/strong><\/p>\n<ul>\n<li>28.5. klo 20.30 Vaasan kuorofestivaalit, Iltamat, Villa Sandviken, Vaasa<\/li>\n<li>28.5. klo 17 Vaasan kuorofestivaalit, Iltamusiikki, Vaasan ortodoksikirkko<\/li>\n<li>28.5. klo 14.30&nbsp; Vaasan kuorofestivaalit, Nonstoppi Vaasan kauppatori \/ sateella Kulttuuritalo Fanny<\/li>\n<li>27.5. klo 18.10 Vaasan kuorofestivaalit, Pop-Up-konsertti, Rewell Center<\/li>\n<li>24.4. Valo voittaa -konsertti yhdess\u00e4 muiden kempelel\u00e4isten esiintyjien kanssa<\/li>\n<\/ul>\n<p><strong>Syksy 2021:<\/strong><\/p>\n<ul>\n<li>19.12. Joulu, loisteesi tuo -joulukonsertti&nbsp;<\/li>\n<li>18.12.&nbsp; Esiintyminen joulumarkkinoilla Piril\u00e4ss\u00e4<\/li>\n<\/ul>\n<p><strong>Kev\u00e4t 2021:<\/strong><\/p>\n<ul>\n<li>Ei toimintaa koronapandemiasta johtuen<\/li>\n<\/ul>\n<p><strong>Syksy 2020:<\/strong><\/p>\n<ul>\n<li>Harjoittelimme, mutta koronan vuoksi konsertti peruuntui<\/li>\n<\/ul>\n<p><strong>Kev\u00e4t 2020:<\/strong><\/p>\n<ul>\n<li>19.2. Aiolos mukana kuorojen yhteiskonsertissa Kokkokankaan seurakuntakeskuksessa<\/li>\n<li>Koronapandemiasta johtuen kuorolla ei loppukev\u00e4\u00e4n\u00e4 ollut toimintaa<\/li>\n<\/ul>\n<p><strong>Syksy 2019:<\/strong><\/p>\n<ul>\n<li>15.12. Joulu, oi joulu &#8211; joulukonsertti<\/li>\n<li>14.12. Museon joulu -tapahtuma Kempeleen kotiseutumuseolla<\/li>\n<li>6.12. Kempeleen kunnan ja seurakunnan j\u00e4rjest\u00e4m\u00e4 itsen\u00e4isyysp\u00e4iv\u00e4n juhla<\/li>\n<li>30.11. Joululauluja Zeppelinin keskustorilla<\/li>\n<li>31.8. Oulun juhlaviikkojen &#8217;Nuotin vieress\u00e4 on tilaa&#8217; -tapahtuma<\/li>\n<li>30.8. &#8217;Art Linnakallio Goes Baana&#8217; -avajaiset<\/li>\n<\/ul>\n<p><strong>Kev\u00e4t 2019:<\/strong><\/p>\n<ul>\n<li>3.2. Yhteisvastuukonsertti<\/li>\n<li>5.5. Vetten yll\u00e4 suven henki -kev\u00e4tkonsertti<\/li>\n<li>18.5. Vaasan Kuorofestivaali on the road -bussikiertue: Double Date (USA) &#8211; Lauluyhtye Haikia &#8211; Kamarikuoro Aiolos<\/li>\n<li>17.6. Aiolos goes by Potnapekka<\/li>\n<\/ul>\n<p><strong>Syksy 2018:<\/strong><\/p>\n<ul>\n<li>18.10. Viro 100 vuotta&nbsp; -juhlakonsertti<\/li>\n<li>30.11. Jouluihme -joulukonsertti&nbsp;<\/li>\n<li>16.12. Katso, valo v\u00e4lk\u00e4ht\u00e4\u00e4 -joulukonsertti<\/li>\n<\/ul>\n<p><strong>Kev\u00e4t 2018:<\/strong><\/p>\n<ul>\n<li>11.4. Kansalaisopiston oppilaskonsertti<\/li>\n<li>10.5. Rantalakeuden \u00e4itienp\u00e4iv\u00e4n konsertti<\/li>\n<li>11.-13.5. Vaasan kuorofestivaalit<\/li>\n<li>17.6. Kempele-seuran 20-vuotisjuhla<\/li>\n<\/ul>\n<p><strong>Syksy 2017:<\/strong><\/p>\n<ul>\n<li>10.12. Oi joutuos kirkkahin jouluy\u00f6 -joulukonsertti<\/li>\n<\/ul>\n<p><strong>Kev\u00e4t 2017:<\/strong><\/p>\n<ul>\n<li>21.5. Koivun laulu -kev\u00e4tkonsertti<\/li>\n<\/ul>\n<p><strong>Syksy 2016:<\/strong><\/p>\n<ul>\n<li>17.12. Hiljene maa &#8211; joulukonsertti<\/li>\n<\/ul>\n<p><strong>Kev\u00e4t 2016:<\/strong><\/p>\n<ul>\n<li>28.2. KIITOS YST\u00c4VIST\u00c4! -Konsertti Seppo H\u00e4rk\u00f6sen muistolle<\/li>\n<li>6.5.-8.5. Vaasan kuorofestivaalit<\/li>\n<\/ul>\n<p><strong>Syksy 2015:<\/strong><\/p>\n<ul>\n<li>29.8. &#8221;Hyv\u00e4 kasvaa Kempeleess\u00e4&#8221;-tapahtuma, Kempeleess\u00e4<\/li>\n<li>6.9. 80-vuotiaiden syntym\u00e4p\u00e4iv\u00e4juhlat Kokkokankaan seurakuntakeskuksella<\/li>\n<li>19.11. Oulun ooppera 50 vuotta, Madetojan sali<\/li>\n<li>8.12 Sibelius t\u00e4n\u00e4\u00e4n 150-vuotta! Kemin kirkko<\/li>\n<\/ul>\n<p><strong>Kev\u00e4t 2015:<\/strong><\/p>\n<ul>\n<li>15.5.-17.5. Vaasan kuorofestivaalit<\/li>\n<\/ul>\n<p><strong>Kev\u00e4t 2014:<\/strong><\/p>\n<ul>\n<li>14.4. konsertti Kempeleen kirkossa: <em>Mendelssohn &#8211; Lobgesang<\/em><\/li>\n<li>15.4. konsertti Kemiss\u00e4:<em> Mendelssohn &#8211; Lobgesang<\/em><\/li>\n<li>16.5.-18.5. Vaasan kuorofestivaalit<\/li>\n<\/ul>\n<p><strong>Syksy 2013<\/strong>:<\/p>\n<ul>\n<li>15.9. Esiintyminen veteraanijuhlassa iltap\u00e4iv\u00e4ll\u00e4 Kokkokankaalla<\/li>\n<li>13.10. Konsertti OSYK:n salissa, tilaajana Zonta-naiset<\/li>\n<li>1.12. Muistisairaiden konsertteja: Hovitie, Hovila, Hiironen, Oulunsalo<\/li>\n<li>8.12. Esiintyminen vanhuksille Tyrn\u00e4v\u00e4ll\u00e4<\/li>\n<li>15.12. Esiintyminen Kauneimmissa joululauluissa Limingan kirkossa<\/li>\n<li>21.12. Joulun toivelaulukonsertti Ylikyl\u00e4n koululla<\/li>\n<\/ul>\n<p><strong>Kev\u00e4t 2013:<\/strong><\/p>\n<div>\n<ul>\n<li>17.3. Jumalanpalveluavustus Kempeleen kirkossa<\/li>\n<li>24.3. p\u00e4\u00e4si\u00e4iskonsertti Hailuodon kirkossa<\/li>\n<li>&nbsp;25.3. p\u00e4\u00e4si\u00e4iskonsertti Iin kirkossa<\/li>\n<li>9.5. kev\u00e4tkonsertti Kempeleess\u00e4 Pyh\u00e4n Kolminaisuuden kirkossa.<\/li>\n<li>10.-12.5. Vaasan kuorofestivaalit<\/li>\n<\/ul>\n<\/div>\n<p><strong>Syksy 2012:<\/strong><\/p>\n<ul>\n<li>17.11. Esiintyminen Kempele-p\u00e4ivill\u00e4 Piril\u00e4-salissa klo 15<\/li>\n<li>16.12.&nbsp; Kolmen kuoron joulukonsertti OSYKin salissa. Mukana Pohjankartanon tytt\u00f6kuoro ja Cassiopeia.<\/li>\n<li>21.12. Joulun toivelaulukonsertti Kempeleen Ylikyl\u00e4n koululla<\/li>\n<\/ul>\n<p><strong>Kev\u00e4t 2012:<\/strong><\/p>\n<ul>\n<li>16.3. Irish Mass Hailuodon kirkossa<\/li>\n<li>17.3. Irish Mass Tuomiokirkossa<\/li>\n<li>4.4.&nbsp; esiintyminen Via Dolorosassa Limingan kirkossa<\/li>\n<li>27.4.&nbsp; Kansallisen veteraanip\u00e4iv\u00e4n juhla Oulunsalon seurakuntatalolla<\/li>\n<li>18.- 20.5.&nbsp; Kuorofestivaalit Vaasassa<\/li>\n<li>&nbsp;27.5. Jumalanpalveluavustus Oulun Tuomiokirkossa<\/li>\n<\/ul>\n<p><strong>Syksy 2011:<br><\/strong><\/p>\n<ul>\n<li>30.8. Kes\u00e4illan s\u00e4velhartaus Iin kirkossa<\/li>\n<li>17.9. Kempele-p\u00e4ivien kuorokonsertti Piril\u00e4-salissa<\/li>\n<li>1.12. Juhlakonsertti Kempeleess\u00e4 Pyh\u00e4n Kolminaisuuden kirkossa<\/li>\n<li>4.12. Jumalanpalvelus Kempeleess\u00e4 Pyh\u00e4n Kolminaisuuden kirkossa<\/li>\n<li>16.12. Joulukonsertti Oulussa, Suomalaisen yhteiskoulun juhlasalissa<\/li>\n<li>18.12. Kolmen kuoron joulukonsertti Hailuodon kirkossa<\/li>\n<\/ul>\n<p><strong>Kev\u00e4t 2011 :<\/strong><\/p>\n<ul>\n<li>&nbsp;27.2. Timo Juntusen l\u00e4ksi\u00e4isjuhlat Kokkokankaan seurakuntakeskuksessa<\/li>\n<li>&nbsp;3.4. Ylikyl\u00e4n koululla Kempeleen keskustan vaalitilaisuudessa<\/li>\n<li>&nbsp;22.5. Aioloksen kuoromatkalle l\u00e4ht\u00f6konsertti Kempeleen lukiolla<\/li>\n<li>Viron kuoromatka 26.-29.5.<\/li>\n<li>5.6.&nbsp; Radiojumalanpalvelus Kempeleen kirkossa<\/li>\n<\/ul>\n<p><strong>Syksy 2010:<\/strong><\/p>\n<ul>\n<li>26.8. Oulun taiteiden y\u00f6n tapahtumana konsertti Ylikiimingin kirkossa<\/li>\n<li>4.9. Kuorokavalkadi, Madetojan salilla<\/li>\n<li>4.12. Toivelaulu-joulukonsertti Kempeleen kirkossa<\/li>\n<li>6.12. Itsen\u00e4isyysp\u00e4iv\u00e4n juhlat Kokkokankaan seurakuntakeskuksessa<\/li>\n<li>6.12. Itsen\u00e4isyysp\u00e4iv\u00e4n juhlat Oulunsalon kirkossa<\/li>\n<li>14.12. Kauneimmat joululaulut Zeppeliiniss\u00e4<\/li>\n<li>17.12. Suuri joulukonsertti Oulun Tuomiokirkossa, Aiolos mukana<\/li>\n<li>19.12. Perinteinen Kolmen kuoron joulukonsertti Limingan kirkossa. Mukana Aiolos ja Cassiopieia.<\/li>\n<\/ul>\n<p><strong>Syksy 2009:<\/strong><\/p>\n<ul>\n<li>2.8. Avustaminen jumalanpalveluksessa Kempeleen kirkossa<\/li>\n<li>23.8. Konsertti Lumijoen kirkossa<\/li>\n<li>6.9. Aiolos mukana Kuorokavalkadissa Madetojan salilla<\/li>\n<li>12.9. Hailuodon kirkko<\/li>\n<li>30.10. Rutterin Requiemin esitys Ala-Tornion kirkossa.<\/li>\n<li>31.10. Rutterin Requiemin esitys Kokkokankaan seurakuntakodissa<\/li>\n<li>20.12. Perinteinen Kolmen kuoron joulukonsertti Ylikiimingin kirkossa<\/li>\n<\/ul><div id=\"wp_fb_like_button\" style=\"margin:5px 5px 5px 0;float:left;height:100px;\"><script src=\"http:\/\/connect.facebook.net\/en_US\/all.js#xfbml=1\"><\/script><fb:like href=\"https:\/\/www.aiolos.fi\/?page_id=114\" send=\"true\" layout=\"standard\" width=\"450\" show_faces=\"true\" font=\"arial\" action=\"like\" colorscheme=\"light\"><\/fb:like><\/div>","protected":false},"excerpt":{"rendered":"<p>Kev\u00e4t 2025: 30.3.2025 klo 16 Piippolan kirkko, Aurinkomme yl\u00f6s nousi -kuorokonsertti yhdess\u00e4 Viola-kuoron kanssa 8.4.2025 klo 18 Kokkokankaan seurakuntatalo, Kempele, Kempele-opiston oppilaskonsertti Syksy 2024: 20.9.2024 klo 18 Musa kasvaa Kempeleess\u00e4 -kuorotapahtuma, Kempeleen Pyh\u00e4n Kolminaisuuden kirkko 17.11.2024 Esiintyminen Hovila-kodin asukkaille 14.12.2024 klo 14 Joulukonsertti naiskuoro D&#8217;Amenin kanssa Pyh\u00e4n Tuomaan kirkossa Oulussa (Mielikintie 3) 15.12.2024 klo 18 &hellip; <a href=\"https:\/\/www.aiolos.fi\/?page_id=114\" class=\"more-link\">Jatka lukemista <span class=\"screen-reader-text\">Vanhat tapahtumat<\/span> <span class=\"meta-nav\">&rarr;<\/span><\/a><\/p>\n","protected":false},"author":1,"featured_media":0,"parent":69,"menu_order":0,"comment_status":"closed","ping_status":"closed","template":"","meta":[],"_links":{"self":[{"href":"https:\/\/www.aiolos.fi\/index.php?rest_route=\/wp\/v2\/pages\/114"}],"collection":[{"href":"https:\/\/www.aiolos.fi\/index.php?rest_route=\/wp\/v2\/pages"}],"about":[{"href":"https:\/\/www.aiolos.fi\/index.php?rest_route=\/wp\/v2\/types\/page"}],"author":[{"embeddable":true,"href":"https:\/\/www.aiolos.fi\/index.php?rest_route=\/wp\/v2\/users\/1"}],"replies":[{"embeddable":true,"href":"https:\/\/www.aiolos.fi\/index.php?rest_route=%2Fwp%2Fv2%2Fcomments&post=114"}],"version-history":[{"count":42,"href":"https:\/\/www.aiolos.fi\/index.php?rest_route=\/wp\/v2\/pages\/114\/revisions"}],"predecessor-version":[{"id":1238,"href":"https:\/\/www.aiolos.fi\/index.php?rest_route=\/wp\/v2\/pages\/114\/revisions\/1238"}],"up":[{"embeddable":true,"href":"https:\/\/www.aiolos.fi\/index.php?rest_route=\/wp\/v2\/pages\/69"}],"wp:attachment":[{"href":"https:\/\/www.aiolos.fi\/index.php?rest_route=%2Fwp%2Fv2%2Fmedia&parent=114"}],"curies":[{"name":"wp","href":"https:\/\/api.w.org\/{rel}","templated":true}]}}