{"id":1158,"date":"2024-01-24T16:54:47","date_gmt":"2024-01-24T14:54:47","guid":{"rendered":"https:\/\/www.aiolos.fi\/?page_id=1158"},"modified":"2025-11-25T14:59:14","modified_gmt":"2025-11-25T12:59:14","slug":"ajankohtaista-2","status":"publish","type":"page","link":"https:\/\/www.aiolos.fi\/?page_id=1158","title":{"rendered":"Ajankohtaista"},"content":{"rendered":"\n<p><\/p>\n\n\n\n<p><strong>Uusia laulajia etsit\u00e4\u00e4n!<\/strong><\/p>\n\n\n\n<p>Kamarikuoro Aiolos etsii uusia laulajia riveihins\u00e4! Tulehan tutustumaan harjoituksiimme ja ota yhteytt\u00e4 johtajaamme Malla Kaarlelaan, malla.kaarlela(at)gmail.com, puh. 050 3784639.<\/p>\n\n\n\n<p><\/p>\n\n\n\n<p><strong>Kamarikuoro Aiolos \u00e4\u00e4nitti kolme uutta laulua<\/strong><\/p>\n\n\n\n<p>12.10.2025 oli suuri p\u00e4iv\u00e4 Aiolokselle! Aiolos \u00e4\u00e4nitti kolme laulua Kokkokankaan seurakuntatalolla. \u00c4\u00e4nitt\u00e4j\u00e4n\u00e4 toimi Ismo Koskela. \u00c4\u00e4nitett\u00e4v\u00e4t laulut olivat Ut i v\u00e5r hage, Psalmi 23 ja Breath of Heaven (Mary&#8217;s song). Odottelehan, kohta saamme kappaleet julkaisuun!<\/p>\n\n\n\n<figure class=\"wp-block-image size-large is-resized\"><a href=\"https:\/\/www.aiolos.fi\/wp-content\/uploads\/2025\/10\/Aanitys-kaynnissa.jpg\"><img loading=\"lazy\" src=\"https:\/\/www.aiolos.fi\/wp-content\/uploads\/2025\/10\/Aanitys-kaynnissa-1024x768.jpg\" alt=\"\" class=\"wp-image-1250\" width=\"798\" height=\"599\" srcset=\"https:\/\/www.aiolos.fi\/wp-content\/uploads\/2025\/10\/Aanitys-kaynnissa-1024x768.jpg 1024w, https:\/\/www.aiolos.fi\/wp-content\/uploads\/2025\/10\/Aanitys-kaynnissa-300x225.jpg 300w, https:\/\/www.aiolos.fi\/wp-content\/uploads\/2025\/10\/Aanitys-kaynnissa-768x576.jpg 768w, https:\/\/www.aiolos.fi\/wp-content\/uploads\/2025\/10\/Aanitys-kaynnissa-1536x1152.jpg 1536w, https:\/\/www.aiolos.fi\/wp-content\/uploads\/2025\/10\/Aanitys-kaynnissa.jpg 1600w\" sizes=\"(max-width: 798px) 100vw, 798px\" \/><\/a><figcaption>\u00c4\u00e4nitys k\u00e4ynniss\u00e4 12.10.2025<\/figcaption><\/figure>\n\n\n\n<p><strong>Harjoitusajat syksyll\u00e4 2025:<\/strong><\/p>\n\n\n\n<p>Harjoitukset sunnuntaisin klo 17.30 &#8211; 19.45 Kempeleen Kirkonkyl\u00e4talolla<\/p>\n\n\n\n<p>17.8.<\/p>\n\n\n\n<p>pe 29.8. mahdollinen, kellonaika avoin<\/p>\n\n\n\n<p>(ei 24.8 eik\u00e4 31.8.)<\/p>\n\n\n\n<p>7.9.<\/p>\n\n\n\n<p>14.9.,<\/p>\n\n\n\n<p>21.9.<\/p>\n\n\n\n<p>30.9.<\/p>\n\n\n\n<p>5.10.<\/p>\n\n\n\n<p>12.10. klo 12-16 \u00e4\u00e4nitys Kokkokankaan seurakuntatalo<\/p>\n\n\n\n<p>28.10.<\/p>\n\n\n\n<p>pe 31.10. klo 18 Musa kasvaa Kempeleess\u00e4 -kuorotapahtuma, Piril\u00e4-sali<\/p>\n\n\n\n<p>16.11.<\/p>\n\n\n\n<p>30.11. 6h kellonaika avoin  joululaululeiri<\/p>\n\n\n\n<p>7.12. <\/p>\n\n\n\n<p>14.12.<\/p>\n\n\n\n<p>21.12. klo 18 Kauneimmat joululaulut, Kempeleen kirkko<\/p>\n<div id=\"wp_fb_like_button\" style=\"margin:5px 5px 5px 0;float:left;height:100px;\"><script src=\"http:\/\/connect.facebook.net\/en_US\/all.js#xfbml=1\"><\/script><fb:like href=\"https:\/\/www.aiolos.fi\/?page_id=1158\" send=\"true\" layout=\"standard\" width=\"450\" show_faces=\"true\" font=\"arial\" action=\"like\" colorscheme=\"light\"><\/fb:like><\/div>","protected":false},"excerpt":{"rendered":"<p>Uusia laulajia etsit\u00e4\u00e4n! Kamarikuoro Aiolos etsii uusia laulajia riveihins\u00e4! Tulehan tutustumaan harjoituksiimme ja ota yhteytt\u00e4 johtajaamme Malla Kaarlelaan, malla.kaarlela(at)gmail.com, puh. 050 3784639. Kamarikuoro Aiolos \u00e4\u00e4nitti kolme uutta laulua 12.10.2025 oli suuri p\u00e4iv\u00e4 Aiolokselle! Aiolos \u00e4\u00e4nitti kolme laulua Kokkokankaan seurakuntatalolla. \u00c4\u00e4nitt\u00e4j\u00e4n\u00e4 toimi Ismo Koskela. \u00c4\u00e4nitett\u00e4v\u00e4t laulut olivat Ut i v\u00e5r hage, Psalmi 23 ja Breath of &hellip; <a href=\"https:\/\/www.aiolos.fi\/?page_id=1158\" class=\"more-link\">Jatka lukemista <span class=\"screen-reader-text\">Ajankohtaista<\/span> <span class=\"meta-nav\">&rarr;<\/span><\/a><\/p>\n","protected":false},"author":1,"featured_media":0,"parent":0,"menu_order":0,"comment_status":"closed","ping_status":"closed","template":"","meta":[],"_links":{"self":[{"href":"https:\/\/www.aiolos.fi\/index.php?rest_route=\/wp\/v2\/pages\/1158"}],"collection":[{"href":"https:\/\/www.aiolos.fi\/index.php?rest_route=\/wp\/v2\/pages"}],"about":[{"href":"https:\/\/www.aiolos.fi\/index.php?rest_route=\/wp\/v2\/types\/page"}],"author":[{"embeddable":true,"href":"https:\/\/www.aiolos.fi\/index.php?rest_route=\/wp\/v2\/users\/1"}],"replies":[{"embeddable":true,"href":"https:\/\/www.aiolos.fi\/index.php?rest_route=%2Fwp%2Fv2%2Fcomments&post=1158"}],"version-history":[{"count":11,"href":"https:\/\/www.aiolos.fi\/index.php?rest_route=\/wp\/v2\/pages\/1158\/revisions"}],"predecessor-version":[{"id":1264,"href":"https:\/\/www.aiolos.fi\/index.php?rest_route=\/wp\/v2\/pages\/1158\/revisions\/1264"}],"wp:attachment":[{"href":"https:\/\/www.aiolos.fi\/index.php?rest_route=%2Fwp%2Fv2%2Fmedia&parent=1158"}],"curies":[{"name":"wp","href":"https:\/\/api.w.org\/{rel}","templated":true}]}}