{"id":1221,"date":"2025-03-09T18:31:15","date_gmt":"2025-03-09T16:31:15","guid":{"rendered":"https:\/\/www.aiolos.fi\/?page_id=1221"},"modified":"2025-03-09T18:38:27","modified_gmt":"2025-03-09T16:38:27","slug":"yhdistys","status":"publish","type":"page","link":"https:\/\/www.aiolos.fi\/?page_id=1221","title":{"rendered":"YHDISTYS"},"content":{"rendered":"\n<p>Kuorolaiset muodostavat yhdistyksen nimelt\u00e4\u00e4n Kamarikuoro Aiolos ry. <\/p>\n\n\n\n<p><strong>KAMARIKUORO AIOLOS RY:N S\u00c4\u00c4NN\u00d6<\/strong>T<\/p>\n\n\n\n<p><strong>1. Yhdistyksen nimi ja kotipaikka<\/strong><\/p>\n\n\n\n<p>Yhdistyksen, jota n\u00e4iss\u00e4 s\u00e4\u00e4nn\u00f6iss\u00e4 kutsutaan kuoroksi, nimi on Kamarikuoro Aiolos ry ja kotipaikka on Kempeleen kunta.<\/p>\n\n\n\n<p><\/p>\n\n\n\n<p><strong>2. Tarkoitus ja toiminnan laatu<\/strong><\/p>\n\n\n\n<p>Kuoron tarkoituksena on yll\u00e4pit\u00e4\u00e4 ja edist\u00e4\u00e4 kotipaikkansa ja l\u00e4hialueen laulutaidetta ja erityisesti sekakuorolaulua. Kuoro j\u00e4rjest\u00e4\u00e4 harjoituksia, kokouksia, esitelm\u00e4tilaisuuksia, konsertteja, iltamia, juhlia sek\u00e4 avustaa esityksill\u00e4\u00e4n erilaisissa tilaisuuksissa. Kuoron j\u00e4sen ei saa ottaa palkkiota esiintymisest\u00e4\u00e4n kuoron j\u00e4rjest\u00e4miss\u00e4 tilaisuuksissa. Muille kuten kuoron ulkopuolisille s\u00e4est\u00e4jille ja solisteille maksettavista palkkioista p\u00e4\u00e4tt\u00e4\u00e4 hallitus.<\/p>\n\n\n\n<p>Toimintansa tukemiseksi kuoro voi j\u00e4rjest\u00e4\u00e4 maksullisia konsertteja ja muita musiikkitilaisuuksia, ottaa vastaan avustuksia, lahjoituksia ja testamentteja sek\u00e4 toimeenpanna rahanker\u00e4yksi\u00e4 ja arpajaisia. Kuoro voi omistaa ja hallita toimintaansa varten tarpeellista kiinte\u00e4\u00e4 ja irtainta omaisuutta<\/p>\n\n\n\n<p>Kuoro voi olla j\u00e4senen\u00e4 toimialansa kansallisissa j\u00e4rjest\u00f6iss\u00e4 ja osallistua kansainv\u00e4liseen kulttuurivaihtoon.<\/p>\n\n\n\n<p><\/p>\n\n\n\n<p><strong>3. J\u00e4senet<\/strong><\/p>\n\n\n\n<p>Kuoron j\u00e4seneksi voidaan hyv\u00e4ksy\u00e4 henkil\u00f6, joka hyv\u00e4ksyy kuoron tarkoituksen ja jonka j\u00e4senyyden kuoron hallitus kuoronjohtajan esityksest\u00e4 hyv\u00e4ksyy.<\/p>\n\n\n\n<p>Kuoro voi pyyt\u00e4\u00e4 kannattaviksi j\u00e4seniksi henkil\u00f6it\u00e4 tai oikeuskelpoisia yhteis\u00f6j\u00e4, joilta se toivoo tukea toiminnalleen.<\/p>\n\n\n\n<p>Kunniaj\u00e4seniksi kuoro voi kutsua sen toimintaa edist\u00e4neit\u00e4 henkil\u00f6it\u00e4. P\u00e4\u00e4t\u00f6s kunniaj\u00e4seneksi kutsumisesta on teht\u00e4v\u00e4 kuoron kokouksessa yksimielisesti. Jos ehdotus raukeaa, ei siit\u00e4 tehd\u00e4 p\u00f6yt\u00e4kirjaan mit\u00e4\u00e4n merkint\u00e4\u00e4.<\/p>\n\n\n\n<p><\/p>\n\n\n\n<p><strong>4. J\u00e4senen eroaminen ja erottaminen<\/strong><\/p>\n\n\n\n<p>Kuoron j\u00e4senell\u00e4 on oikeus erota kuorosta ilmoittamalla siit\u00e4 kirjallisesti hallitukselle, sen puheenjohtajalle tai kuoron taiteelliselle johtajalle taikka ilmoittamalla erosta kuoron kokouksessa.<\/p>\n\n\n\n<p>Hallitus voi erottaa j\u00e4senen kuorosta, jos j\u00e4sen on j\u00e4tt\u00e4nyt er\u00e4\u00e4ntyneen j\u00e4senmaksunsa maksamatta tai muuten j\u00e4tt\u00e4nyt t\u00e4ytt\u00e4m\u00e4tt\u00e4 ne velvoitukset, joihin h\u00e4n on kuoroon liittym\u00e4ll\u00e4 sitoutunut tai on menettelyll\u00e4\u00e4n kuorossa tai sen ulkopuolella huomattavasti vahingoittanut kuoroa tai ei en\u00e4\u00e4 t\u00e4yt\u00e4 laissa taikka kuoron s\u00e4\u00e4nn\u00f6iss\u00e4 mainittuja j\u00e4senyyden ehtoja. Asianomaisella j\u00e4senell\u00e4 on oikeus valittaa p\u00e4\u00e4t\u00f6ksest\u00e4 kirjallisesti kuoron kokoukselle kahden (2) viikon kuluessa erottamisp\u00e4\u00e4t\u00f6ksest\u00e4 tiedon saatuaan.<\/p>\n\n\n\n<p><\/p>\n\n\n\n<p><strong>5. Liittymis- ja j\u00e4senmaksu<\/strong><\/p>\n\n\n\n<p>Varsinaisilta j\u00e4senilt\u00e4 ja kannattavilta j\u00e4senilt\u00e4 peritt\u00e4v\u00e4n mahdollisen liittymismaksun ja vuosittaisen j\u00e4senmaksun suuruudesta erikseen kummallekin j\u00e4senryhm\u00e4lle p\u00e4\u00e4tt\u00e4\u00e4 vuosikokous. Kunniapuheenjohtaja ja kunniaj\u00e4senet eiv\u00e4t suorita j\u00e4senmaksuja.<\/p>\n\n\n\n<p><\/p>\n\n\n\n<p><strong>6. Kuoron j\u00e4senmerkki ja tunnukset<\/strong><\/p>\n\n\n\n<p>J\u00e4senmerkin kantamiseen on oikeus kuoron j\u00e4senell\u00e4 ja henkil\u00f6ll\u00e4, jolle kuoron kokous on hallituksen esityksest\u00e4 sen p\u00e4\u00e4tt\u00e4nyt antaa. Kuoro voi jakaa harrastus- ja ansiomerkkej\u00e4.<\/p>\n\n\n\n<p>Kuoron lipun ja muiden tunnusten k\u00e4yt\u00f6st\u00e4 p\u00e4\u00e4tt\u00e4\u00e4 kuoron kokous.<\/p>\n\n\n\n<p>Kuoropuvun kanssa voidaan k\u00e4ytt\u00e4\u00e4 seuraavia merkkej\u00e4:<\/p>\n\n\n\n<ul><li>kuoron my\u00f6nt\u00e4m\u00e4t omat merkit<\/li><li>sekakuoroliiton my\u00f6nt\u00e4m\u00e4t merkit<\/li><li>hallituksen hyv\u00e4ksym\u00e4t muut merkit<\/li><\/ul>\n\n\n\n<p><\/p>\n\n\n\n<p><strong>7. Kuoron harjoitukset<\/strong><\/p>\n\n\n\n<p>Kuoro kokoontuu toimintakauden aikana s\u00e4\u00e4nn\u00f6llisesti yhden tai kahden viikon v\u00e4lein harjoituksiin hallituksen ja taiteellisen johtajan yhteisty\u00f6ss\u00e4 laatiman aikataulun mukaan.<\/p>\n\n\n\n<p><\/p>\n\n\n\n<p><strong>8. Hallitus<\/strong><\/p>\n\n\n\n<p>Kuoron asioita hoitaa hallitus, johon kuuluu vuosikokouksessa valitut<\/p>\n\n\n\n<ul><li>puheenjohtaja<\/li><li>kuoron taiteellinen johtaja<\/li><li>sihteeri<\/li><li>taloudenhoitaja<\/li><li>kaksi (2) muuta j\u00e4sent\u00e4<\/li><li>kaksi (2) varaj\u00e4sent\u00e4.<\/li><\/ul>\n\n\n\n<p>Hallituksen toimikausi on vuosikokousten v\u00e4linen aika.<\/p>\n\n\n\n<p>Hallitus valitsee keskuudestaan varapuheenjohtajan ja tekee yhdistyksen kokoukselle ehdotuksen taiteellisen johtajan valinnasta.<\/p>\n\n\n\n<p>Hallitus kokoontuu puheenjohtajan tai h\u00e4nen estyneen\u00e4 ollessa varapuheenjohtajan kutsusta. Lis\u00e4ksi hallitus kokoontuu, jos v\u00e4hint\u00e4\u00e4n puolet hallituksen j\u00e4senist\u00e4 sit\u00e4 vaatii.<\/p>\n\n\n\n<p>Hallitus on p\u00e4\u00e4t\u00f6svaltainen, kun v\u00e4hint\u00e4\u00e4n puolet j\u00e4senist\u00e4, puheenjohtaja tai varapuheenjohtaja mukaan luettuna, on l\u00e4sn\u00e4. \u00c4\u00e4nestykset ratkaistaan yksinkertaisella \u00e4\u00e4nten enemmist\u00f6ll\u00e4. \u00c4\u00e4nten menness\u00e4 tasan ratkaisee puheenjohtajan \u00e4\u00e4ni, vaaleissa kuitenkin arpa.<\/p>\n\n\n\n<p>Puheenjohtaja toimii hallituksen ja kuoron ylim\u00e4\u00e4r\u00e4isen kokouksen puheenjohtajana sek\u00e4 hoitaa ne teht\u00e4v\u00e4t, jotka h\u00e4nelle n\u00e4iden s\u00e4\u00e4nt\u00f6jen mukaan kuuluvat. Vuosikokouksen puheenjohtajana toimii hallitukseen kuulumaton toimiva j\u00e4sen.<\/p>\n\n\n\n<p>Varapuheenjohtaja hoitaa puheenjohtajan teht\u00e4v\u00e4t t\u00e4m\u00e4n ollessa estynyt.<\/p>\n\n\n\n<p>Kuoron taiteellinen johtaja harjoittaa laulut, valitsee ohjelmiston ja johtaa kuoroa sen esiintymistilaisuuksissa. Vuosikertomus ja toimintasuunnitelma laaditaan taiteellisen johtajan ja hallituksen yhteisty\u00f6n\u00e4.<\/p>\n\n\n\n<p>Sihteeri laatii p\u00f6yt\u00e4kirjat hallituksen ja kuoron kokouksista, ja hoitaa muut hallituksen antamat teht\u00e4v\u00e4t.<\/p>\n\n\n\n<p>Taloudenhoitaja kokoaa mahdolliset j\u00e4senmaksut, huolehtii kuoron rahavaroista, hoitaa juoksevan kirjanpidon sek\u00e4 laatii tilinp\u00e4\u00e4t\u00f6ksen ja tulo- ja menoarvion hallituksen k\u00e4sittelyn pohjaksi. Taloudenhoitaja yll\u00e4pit\u00e4\u00e4 ajantasaista j\u00e4senluetteloa.<\/p>\n\n\n\n<p><\/p>\n\n\n\n<p><strong>9. Muut luottamus- ja toimihenkil\u00f6t<\/strong><\/p>\n\n\n\n<p>Hallituksen lis\u00e4ksi kuorolla on seuraavat luottamus- ja toimihenkil\u00f6t:<\/p>\n\n\n\n<ul><li>yksi (1) toiminnantarkastaja ja h\u00e4nen varahenkil\u00f6ns\u00e4, jotka voivat olla kuoron ulkopuolelta<\/li><li>nuotistonhoitaja, joka vastaa kuorolaisten tarvitsemista nuoteista.<\/li><\/ul>\n\n\n\n<p><\/p>\n\n\n\n<p><strong>10. Kuoron nimen kirjoittaminen<\/strong><\/p>\n\n\n\n<p>Kuoron nimen kirjoittaa hallituksen puheenjohtaja, varapuheenjohtaja, sihteeri tai rahastonhoitaja, kaksi yhdess\u00e4.<\/p>\n\n\n\n<p><\/p>\n\n\n\n<p><strong>11. Tilikausi ja tilintarkastus<\/strong><\/p>\n\n\n\n<p>Kuoron tilikausi on kalenterivuosi. Hallituksen hyv\u00e4ksym\u00e4 tilinp\u00e4\u00e4t\u00f6s tarvittavine asiakirjoineen ja hallituksen vuosikertomus on annettava toiminnantarkastajalle viimeist\u00e4\u00e4n kolme (3) viikkoa ennen vuosikokousta. Toiminnantarkastajan tulee antaa kirjallinen lausuntonsa hallitukselle viimeist\u00e4\u00e4n kaksi (2) viikkoa ennen vuosikokousta.<\/p>\n\n\n\n<p><\/p>\n\n\n\n<p><strong>12. Kuoron kokoukset<\/strong><\/p>\n\n\n\n<p>Kuoron vuosikokous pidet\u00e4\u00e4n vuosittain hallituksen m\u00e4\u00e4r\u00e4\u00e4m\u00e4n\u00e4 p\u00e4iv\u00e4n\u00e4 tammi-maaliskuussa.<\/p>\n\n\n\n<p>Ylim\u00e4\u00e4r\u00e4inen kokous pidet\u00e4\u00e4n, kun kuoron kokous niin p\u00e4\u00e4tt\u00e4\u00e4 tai kun hallitus katsoo siihen olevan aihetta tai kun v\u00e4hint\u00e4\u00e4n kymmenesosa (1\/10) kuoron \u00e4\u00e4nioikeutetuista j\u00e4senist\u00e4 sit\u00e4 hallitukselta erityisesti ilmoitettua asiaa varten kirjallisesti vaatii. Kokous on pidett\u00e4v\u00e4 kolmenkymmenen (30) vuorokauden kuluessa siit\u00e4, kun vaatimus sen pit\u00e4misest\u00e4 on esitetty hallitukselle.<\/p>\n\n\n\n<p>Kuoron kokouksissa on jokaisella varsinaisella j\u00e4senell\u00e4, kunniapuheenjohtajalla ja kunniaj\u00e4senell\u00e4 yksi (1) \u00e4\u00e4ni. Kannattavilla j\u00e4senill\u00e4 on kokouksessa l\u00e4sn\u00e4olo- ja puheoikeus.<\/p>\n\n\n\n<p>Kuoron kokouksen p\u00e4\u00e4t\u00f6kseksi tulee, ellei s\u00e4\u00e4nn\u00f6iss\u00e4 ole toisin m\u00e4\u00e4r\u00e4tty, se mielipide, jota on kannattanut yli puolet annetuista \u00e4\u00e4nist\u00e4. \u00c4\u00e4nestykset ratkaistaan yksinkertaisella \u00e4\u00e4nten enemmist\u00f6ll\u00e4. \u00c4\u00e4nten menness\u00e4 tasan ratkaisee puheenjohtajan \u00e4\u00e4ni, vaaleissa kuitenkin arpa.<\/p>\n\n\n\n<p><\/p>\n\n\n\n<p><strong>13. Kuoron kokousten koollekutsuminen<\/strong><\/p>\n\n\n\n<p>Hallituksen on kutsuttava yhdistyksen kokoukset koolle v\u00e4hint\u00e4\u00e4n seitsem\u00e4n (7) vuorokautta ennen kokousta. Mik\u00e4li kuorolla on vakiintunut harjoitteluaika, voidaan tarpeen vaatiessa j\u00e4rjest\u00e4\u00e4 harjoitteluaikana kuoron ylim\u00e4\u00e4r\u00e4inen kokous. Yhdistyksen kokoukset kutsutaan koolle kirjeitse, s\u00e4hk\u00f6postitse tai viestint\u00e4sovelluksella.<\/p>\n\n\n\n<p>Vuosikokouksen esityslista ja kokousasiakirjat toimitetaan j\u00e4senille henkil\u00f6kohtaisesti tai s\u00e4hk\u00f6isesti seitsem\u00e4n (7) vuorokautta ennen kokousta.<\/p>\n\n\n\n<p><\/p>\n\n\n\n<p><strong>14. Vuosikokous<\/strong><\/p>\n\n\n\n<p>Kuoron vuosikokouksessa k\u00e4sitell\u00e4\u00e4n seuraavat asiat:<\/p>\n\n\n\n<ol type=\"1\"><li>Kokouksen avaus<\/li><li>Valitaan kokouksen puheenjohtaja, sihteeri, kaksi p\u00f6yt\u00e4kirjantarkastajaa, jotka toimivat tarvittaessa \u00e4\u00e4ntenlaskijoina<\/li><li>Todetaan kokouksen laillisuus ja p\u00e4\u00e4t\u00f6svaltaisuus<\/li><li>Hyv\u00e4ksyt\u00e4\u00e4n kokouksen ty\u00f6j\u00e4rjestys<\/li><li>Esitet\u00e4\u00e4n vuosikertomus<\/li><li>Esitet\u00e4\u00e4n toiminnantarkastajan lausunto ja vahvistetaan tilinp\u00e4\u00e4t\u00f6s<\/li><li>P\u00e4\u00e4tet\u00e4\u00e4n vastuuvapauden my\u00f6nt\u00e4misest\u00e4 tilivelvollisille<\/li><li>P\u00e4\u00e4tet\u00e4\u00e4n liittymis- ja j\u00e4senmaksun suuruudesta.<\/li><li>Vahvistetaan kuluvan vuoden toimintasuunnitelma ja tulo- ja menoarvio<\/li><li>Valitaan kuoron taiteellinen johtaja<\/li><li>Valitaan hallituksen puheenjohtaja, sihteeri ja taloudenhoitaja<\/li><li>Valitaan kaksi (2) hallituksen j\u00e4sent\u00e4 ja kaksi (2) varaj\u00e4sent\u00e4<\/li><li>Valitaan nuotistonhoitaja<\/li><li>Valitaan yksi (1) toiminnantarkastaja ja h\u00e4nen varahenkil\u00f6ns\u00e4<\/li><li>K\u00e4sitell\u00e4\u00e4n muut kokouskutsussa mainitut asiat<\/li><li>K\u00e4sitell\u00e4\u00e4n j\u00e4senten esitt\u00e4m\u00e4t asiat<\/li><\/ol>\n\n\n\n<p>Mik\u00e4li kuoron j\u00e4sen haluaa saada jonkun asian kuoron vuosikokouksen k\u00e4sitelt\u00e4v\u00e4ksi, on h\u00e4nen ilmoitettava siit\u00e4 kirjallisesti hallitukselle niin hyviss\u00e4 ajoin, ett\u00e4 asia voidaan sis\u00e4llytt\u00e4\u00e4 kokouskutsuun.<\/p>\n\n\n\n<p><\/p>\n\n\n\n<p><strong>15. S\u00e4\u00e4nt\u00f6jen muuttaminen ja yhdistyksen purkaminen<\/strong><\/p>\n\n\n\n<p>P\u00e4\u00e4t\u00f6s s\u00e4\u00e4nt\u00f6jen muuttamisesta ja kuoron purkamisesta on teht\u00e4v\u00e4 kuoron kokouksessa v\u00e4hint\u00e4\u00e4n kolmen nelj\u00e4sosan (3\/4) enemmist\u00f6ll\u00e4 annetuista \u00e4\u00e4nist\u00e4. Kokouskutsussa on mainittava s\u00e4\u00e4nt\u00f6jen muuttamisesta tai kuoron purkamisesta.<\/p>\n\n\n\n<p>Kuoron purkautuessa k\u00e4ytet\u00e4\u00e4n kuoron varat kuoron viimeisen kokouksen l\u00e4hemmin p\u00e4\u00e4tt\u00e4m\u00e4ll\u00e4 tavalla kuorotoiminnan tai musiikkiharrastuksen edist\u00e4miseen kuoron kotipaikkakunnalla.<\/p>\n<div id=\"wp_fb_like_button\" style=\"margin:5px 5px 5px 0;float:left;height:100px;\"><script src=\"http:\/\/connect.facebook.net\/en_US\/all.js#xfbml=1\"><\/script><fb:like href=\"https:\/\/www.aiolos.fi\/?page_id=1221\" send=\"true\" layout=\"standard\" width=\"450\" show_faces=\"true\" font=\"arial\" action=\"like\" colorscheme=\"light\"><\/fb:like><\/div>","protected":false},"excerpt":{"rendered":"<p>Kuorolaiset muodostavat yhdistyksen nimelt\u00e4\u00e4n Kamarikuoro Aiolos ry. KAMARIKUORO AIOLOS RY:N S\u00c4\u00c4NN\u00d6T 1. Yhdistyksen nimi ja kotipaikka Yhdistyksen, jota n\u00e4iss\u00e4 s\u00e4\u00e4nn\u00f6iss\u00e4 kutsutaan kuoroksi, nimi on Kamarikuoro Aiolos ry ja kotipaikka on Kempeleen kunta. 2. Tarkoitus ja toiminnan laatu Kuoron tarkoituksena on yll\u00e4pit\u00e4\u00e4 ja edist\u00e4\u00e4 kotipaikkansa ja l\u00e4hialueen laulutaidetta ja erityisesti sekakuorolaulua. Kuoro j\u00e4rjest\u00e4\u00e4 harjoituksia, kokouksia, esitelm\u00e4tilaisuuksia, &hellip; <a href=\"https:\/\/www.aiolos.fi\/?page_id=1221\" class=\"more-link\">Jatka lukemista <span class=\"screen-reader-text\">YHDISTYS<\/span> <span class=\"meta-nav\">&rarr;<\/span><\/a><\/p>\n","protected":false},"author":1,"featured_media":0,"parent":0,"menu_order":0,"comment_status":"closed","ping_status":"closed","template":"","meta":[],"_links":{"self":[{"href":"https:\/\/www.aiolos.fi\/index.php?rest_route=\/wp\/v2\/pages\/1221"}],"collection":[{"href":"https:\/\/www.aiolos.fi\/index.php?rest_route=\/wp\/v2\/pages"}],"about":[{"href":"https:\/\/www.aiolos.fi\/index.php?rest_route=\/wp\/v2\/types\/page"}],"author":[{"embeddable":true,"href":"https:\/\/www.aiolos.fi\/index.php?rest_route=\/wp\/v2\/users\/1"}],"replies":[{"embeddable":true,"href":"https:\/\/www.aiolos.fi\/index.php?rest_route=%2Fwp%2Fv2%2Fcomments&post=1221"}],"version-history":[{"count":3,"href":"https:\/\/www.aiolos.fi\/index.php?rest_route=\/wp\/v2\/pages\/1221\/revisions"}],"predecessor-version":[{"id":1226,"href":"https:\/\/www.aiolos.fi\/index.php?rest_route=\/wp\/v2\/pages\/1221\/revisions\/1226"}],"wp:attachment":[{"href":"https:\/\/www.aiolos.fi\/index.php?rest_route=%2Fwp%2Fv2%2Fmedia&parent=1221"}],"curies":[{"name":"wp","href":"https:\/\/api.w.org\/{rel}","templated":true}]}}