{"id":207,"date":"2011-11-12T14:20:37","date_gmt":"2011-11-12T12:20:37","guid":{"rendered":"http:\/\/anubis.webholder.net\/~aiolos\/?page_id=207"},"modified":"2022-04-28T18:36:35","modified_gmt":"2022-04-28T16:36:35","slug":"levyt","status":"publish","type":"page","link":"https:\/\/www.aiolos.fi\/?page_id=207","title":{"rendered":"Levyt"},"content":{"rendered":"<p><a href=\"http:\/\/anubis.webholder.net\/%7Eaiolos\/wp-content\/uploads\/2011\/11\/aiolos_saavu_jo_joulu.jpg\"><img loading=\"lazy\" class=\"alignleft wp-image-210 size-medium\" title=\"Aiolos - Saavu jo joulu\" src=\"http:\/\/www.aiolos.fi\/wp-content\/uploads\/2011\/11\/aiolos_saavu_jo_joulu-282x300.jpg\" alt=\"\" width=\"282\" height=\"300\" srcset=\"https:\/\/www.aiolos.fi\/wp-content\/uploads\/2011\/11\/aiolos_saavu_jo_joulu-282x300.jpg 282w, https:\/\/www.aiolos.fi\/wp-content\/uploads\/2011\/11\/aiolos_saavu_jo_joulu-965x1024.jpg 965w\" sizes=\"(max-width: 282px) 100vw, 282px\" \/><\/a><\/p>\n<p>Vuonna 2004 Aiolos julkaisi ensimm\u00e4isen levyns\u00e4 &#8221;Saavu jo joulu&#8221;. Levyll\u00e4 ovat solisteina Petrus Schroderus (Timo Mustakallio-laulukilpailun voittaja vuonna 2004) ja Elina K\u00f6n\u00f6nen. S\u00e4est\u00e4j\u00e4n\u00e4 toimii Risto Ainali. Lauluista moni on Seppo H\u00e4rk\u00f6sen k\u00e4sialaa, mutta mukana on my\u00f6s virolaista ja brittil\u00e4ist\u00e4 joulumusiikkia. Levyn laulut ovat johtaneet Seppo H\u00e4rk\u00f6nen ja Elina K\u00f6n\u00f6nen.<\/p>\n<p><a href=\"http:\/\/www.aiolos.fi\/wp-content\/uploads\/2019\/08\/Ensimm\u00e4inen-kev\u00e4tp\u00e4iv\u00e4.jpg\"><img loading=\"lazy\" class=\"alignleft size-medium wp-image-844\" src=\"http:\/\/www.aiolos.fi\/wp-content\/uploads\/2019\/08\/Ensimm\u00e4inen-kev\u00e4tp\u00e4iv\u00e4-300x290.jpg\" alt=\"\" width=\"300\" height=\"290\" srcset=\"https:\/\/www.aiolos.fi\/wp-content\/uploads\/2019\/08\/Ensimm\u00e4inen-kev\u00e4tp\u00e4iv\u00e4-300x290.jpg 300w, https:\/\/www.aiolos.fi\/wp-content\/uploads\/2019\/08\/Ensimm\u00e4inen-kev\u00e4tp\u00e4iv\u00e4-768x742.jpg 768w, https:\/\/www.aiolos.fi\/wp-content\/uploads\/2019\/08\/Ensimm\u00e4inen-kev\u00e4tp\u00e4iv\u00e4-1024x990.jpg 1024w\" sizes=\"(max-width: 300px) 100vw, 300px\" \/><\/a><\/p>\n<p>Vuonna 2011 valmistui kuoron levy &#8221;Ensimm\u00e4inen kev\u00e4tp\u00e4iv\u00e4&#8221;. Nimest\u00e4\u00e4n huolimatta l\u00e4hes 50 minuutin musiikkikokoelmaan mahtuu kuunneltavaa ja nautittavaa kaikkina vuodenaikoina. Nimikappale on kuoron perustajan Seppo H\u00e4rk\u00f6sen hieno s\u00e4vellys ja sovitus Saima Harmajan runoon. Kuoroa johti levy\u00e4 teht\u00e4ess\u00e4 Elina K\u00f6n\u00f6nen. Levy on \u00e4\u00e4nitetty Kempeleen Pyh\u00e4n Kolminaisuuden kirkossa. Urkus\u00e4estykest\u00e4 vastasi Taru Pisto.<\/p>\n<p>Levyj\u00e4 voi tiedustella kuorolaisilta\u00a0 tai osoitteesta riikka.saarela(at)gmail.com. Levyn hinta on 10 euroa.<\/p>\n<div id=\"wp_fb_like_button\" style=\"margin:5px 5px 5px 0;float:left;height:100px;\"><script src=\"http:\/\/connect.facebook.net\/en_US\/all.js#xfbml=1\"><\/script><fb:like href=\"https:\/\/www.aiolos.fi\/?page_id=207\" send=\"true\" layout=\"standard\" width=\"450\" show_faces=\"true\" font=\"arial\" action=\"like\" colorscheme=\"light\"><\/fb:like><\/div>","protected":false},"excerpt":{"rendered":"<p>Vuonna 2004 Aiolos julkaisi ensimm\u00e4isen levyns\u00e4 &#8221;Saavu jo joulu&#8221;. Levyll\u00e4 ovat solisteina Petrus Schroderus (Timo Mustakallio-laulukilpailun voittaja vuonna 2004) ja Elina K\u00f6n\u00f6nen. S\u00e4est\u00e4j\u00e4n\u00e4 toimii Risto Ainali. Lauluista moni on Seppo H\u00e4rk\u00f6sen k\u00e4sialaa, mutta mukana on my\u00f6s virolaista ja brittil\u00e4ist\u00e4 joulumusiikkia. Levyn laulut ovat johtaneet Seppo H\u00e4rk\u00f6nen ja Elina K\u00f6n\u00f6nen. Vuonna 2011 valmistui kuoron levy &#8221;Ensimm\u00e4inen &hellip; <a href=\"https:\/\/www.aiolos.fi\/?page_id=207\" class=\"more-link\">Jatka lukemista <span class=\"screen-reader-text\">Levyt<\/span> <span class=\"meta-nav\">&rarr;<\/span><\/a><\/p>\n","protected":false},"author":1,"featured_media":0,"parent":65,"menu_order":0,"comment_status":"closed","ping_status":"open","template":"","meta":[],"_links":{"self":[{"href":"https:\/\/www.aiolos.fi\/index.php?rest_route=\/wp\/v2\/pages\/207"}],"collection":[{"href":"https:\/\/www.aiolos.fi\/index.php?rest_route=\/wp\/v2\/pages"}],"about":[{"href":"https:\/\/www.aiolos.fi\/index.php?rest_route=\/wp\/v2\/types\/page"}],"author":[{"embeddable":true,"href":"https:\/\/www.aiolos.fi\/index.php?rest_route=\/wp\/v2\/users\/1"}],"replies":[{"embeddable":true,"href":"https:\/\/www.aiolos.fi\/index.php?rest_route=%2Fwp%2Fv2%2Fcomments&post=207"}],"version-history":[{"count":18,"href":"https:\/\/www.aiolos.fi\/index.php?rest_route=\/wp\/v2\/pages\/207\/revisions"}],"predecessor-version":[{"id":973,"href":"https:\/\/www.aiolos.fi\/index.php?rest_route=\/wp\/v2\/pages\/207\/revisions\/973"}],"up":[{"embeddable":true,"href":"https:\/\/www.aiolos.fi\/index.php?rest_route=\/wp\/v2\/pages\/65"}],"wp:attachment":[{"href":"https:\/\/www.aiolos.fi\/index.php?rest_route=%2Fwp%2Fv2%2Fmedia&parent=207"}],"curies":[{"name":"wp","href":"https:\/\/api.w.org\/{rel}","templated":true}]}}