{"id":55,"date":"2011-11-04T21:25:52","date_gmt":"2011-11-04T19:25:52","guid":{"rendered":"http:\/\/anubis.webholder.net\/~aiolos\/?page_id=55"},"modified":"2025-10-13T10:41:55","modified_gmt":"2025-10-13T08:41:55","slug":"testi-alasivu","status":"publish","type":"page","link":"https:\/\/www.aiolos.fi\/?page_id=55","title":{"rendered":"Kuoro"},"content":{"rendered":"\n<p><strong>Kuoroharjoitukset<\/strong><\/p>\n\n\n\n<p>Kuoro harjoittelee sunnuntaisin klo 17.30\u201319.45 Kempeleen Kirkonkyl\u00e4talolla. Syksyn 2025 harjoituskausi alkaa 17.8.2025. Kuoroharjoituksissa p\u00e4\u00e4paino on \u00e4\u00e4nenmuodostuksella ja kuoron soinnilla. Nuotinlukutaito on t\u00e4rke\u00e4 ominaisuus kuorolaisella, mutta tuemme toinen toisiamme stemmojen oppimisessa ja pid\u00e4mme tarvittaessa stemmaharjoituksiakin. Syksyll\u00e4 2025 \u00e4\u00e4nit\u00e4mme joitain kappaleita, osallistumme Kempeleen suureen kuorokonserttiin lokakuussa ja pid\u00e4mme joulukonsertin. Suunnittelemme esiintymismatkaa Erasmus-rahoituksella ulkomaille, esim. Italiaan.<\/p>\n\n\n\n<p>Kuoroon valitaan uusia laulajia pitkin kuorovuotta.&nbsp; Jos mielenkiintosi her\u00e4si ja haluaisit liitty\u00e4 Aiolokseen, ota vaikka heti yhteytt\u00e4 kuoronjohtaja Malla Kaarlelaan, s-posti: malla.kaarlela(at)gmail.com, puh. 050 3784639. Toivotamme sinut tervetulleeksi seuraamaan kuoroharjoituksia, jonka j\u00e4lkeen voit halutessasi j\u00e4\u00e4d\u00e4 antamaan \u00e4\u00e4nin\u00e4ytteen, jonka kuuntelee kuoronjohtaja. T\u00e4t\u00e4 ei tarvitse j\u00e4nnitt\u00e4\u00e4: saat laulaa vapaavalintaisen laulun ilman s\u00e4estyst\u00e4 ja kuoronjohtaja kuuntelee mik\u00e4 \u00e4\u00e4nialasi on.<\/p>\n\n\n\n<p><\/p>\n\n\n\n<p><strong>Johtaja Malla Kaarlela<\/strong><\/p>\n\n\n\n<div class=\"wp-container-1 wp-block-group\"><div class=\"wp-block-group__inner-container\">\n<figure class=\"wp-block-image size-large is-resized\"><a href=\"https:\/\/www.aiolos.fi\/wp-content\/uploads\/2023\/05\/Malla-Kaarlela.jpeg\"><img loading=\"lazy\" src=\"https:\/\/www.aiolos.fi\/wp-content\/uploads\/2023\/05\/Malla-Kaarlela-683x1024.jpeg\" alt=\"\" class=\"wp-image-1111\" width=\"478\" height=\"716\" srcset=\"https:\/\/www.aiolos.fi\/wp-content\/uploads\/2023\/05\/Malla-Kaarlela-683x1024.jpeg 683w, https:\/\/www.aiolos.fi\/wp-content\/uploads\/2023\/05\/Malla-Kaarlela-200x300.jpeg 200w, https:\/\/www.aiolos.fi\/wp-content\/uploads\/2023\/05\/Malla-Kaarlela-768x1152.jpeg 768w, https:\/\/www.aiolos.fi\/wp-content\/uploads\/2023\/05\/Malla-Kaarlela-1024x1536.jpeg 1024w, https:\/\/www.aiolos.fi\/wp-content\/uploads\/2023\/05\/Malla-Kaarlela.jpeg 1365w\" sizes=\"(max-width: 478px) 100vw, 478px\" \/><\/a><figcaption>Malla Kaarlela<\/figcaption><\/figure>\n<\/div><\/div>\n\n\n\n<p>Kamarikuoro Aioloksen johtajana on syksyll\u00e4 2022 aloittanut Malla Kaarlela. H\u00e4n on ammatiltaan laulupedagogi, musiikkikasvattaja ja luokanopettaja. P\u00e4\u00e4ty\u00f6kseen h\u00e4n on luokanopettajana Limingan yhten\u00e4iskoulussa. H\u00e4nell\u00e4 on monipuolinen kokemus erilaisista kuoronjohtoteht\u00e4vist\u00e4 sek\u00e4 laulu- ja soittoryhmien johtamisesta. Esimerkkein\u00e4 mainittakoon Oulaisten lapsikuoro, Pohjankartanon koulun kuoro, Madetojan musiikkilukion lauluryhm\u00e4 sek\u00e4 Jokilaaksojen viihdepartio. H\u00e4n on my\u00f6s opettanut laulua, pianonsoittoa ja musiikinteoriaa eri kansalaisopistoissa. H\u00e4nell\u00e4 on 13 vuoden kokemus laulamisesta Oulaisten nuorisokuorossa, joten h\u00e4n on p\u00e4\u00e4ssyt esiintym\u00e4\u00e4n kuorolaisena ymp\u00e4ri maailmaa.<\/p>\n\n\n\n<p><\/p>\n\n\n\n<p><strong>Kuorolaiset<\/strong><\/p>\n\n\n\n<div class=\"wp-container-2 wp-block-group\"><div class=\"wp-block-group__inner-container\">\n<figure class=\"wp-block-gallery has-nested-images columns-default is-cropped\">\n<figure class=\"wp-block-image size-large\"><a href=\"https:\/\/www.aiolos.fi\/wp-content\/uploads\/2024\/12\/1000079769.jpg\"><img loading=\"lazy\" width=\"2048\" height=\"1152\" src=\"https:\/\/www.aiolos.fi\/wp-content\/uploads\/2024\/12\/1000079769.jpg\" alt=\"\" class=\"wp-image-1207\" srcset=\"https:\/\/www.aiolos.fi\/wp-content\/uploads\/2024\/12\/1000079769.jpg 2048w, https:\/\/www.aiolos.fi\/wp-content\/uploads\/2024\/12\/1000079769-300x169.jpg 300w, https:\/\/www.aiolos.fi\/wp-content\/uploads\/2024\/12\/1000079769-1024x576.jpg 1024w, https:\/\/www.aiolos.fi\/wp-content\/uploads\/2024\/12\/1000079769-768x432.jpg 768w, https:\/\/www.aiolos.fi\/wp-content\/uploads\/2024\/12\/1000079769-1536x864.jpg 1536w\" sizes=\"(max-width: 2048px) 100vw, 2048px\" \/><\/a><figcaption>Aiolos Kauneimmissa joululauluissa 2024<\/figcaption><\/figure>\n<\/figure>\n<\/div><\/div>\n\n\n\n<p><strong>Sopraanot<\/strong><\/p>\n\n\n\n<ul><li>Tuulikki Komulainen<\/li><li>Eija Korhonen<\/li><li>Marja-Liisa Mikkonen<\/li><li>Maaret M\u00e4rsynaho<\/li><li>Tarja Ylitalo&nbsp;<\/li><\/ul>\n\n\n\n<div class=\"wp-container-3 wp-block-group\"><div class=\"wp-block-group__inner-container\"><\/div><\/div>\n\n\n\n<p><strong>Altot<\/strong><\/p>\n\n\n\n<ul><li>Katja Collins<\/li><li>Lea Karjalainen<\/li><li>Soile Saren<\/li><li>Sari T\u00f6rmikoski<\/li><\/ul>\n\n\n\n<div class=\"wp-container-4 wp-block-group\"><div class=\"wp-block-group__inner-container\"><\/div><\/div>\n\n\n\n<p><strong>Tenorit<\/strong><\/p>\n\n\n\n<ul><li>Olavi Kein\u00e4nen<\/li><li>Raino Siuvatti<\/li><\/ul>\n\n\n\n<p><strong>Bassot<\/strong><\/p>\n\n\n\n<ul><li>Ahti Kurki<\/li><li>Matti M\u00e4ntyvaara&nbsp;<\/li><li>Jarmo Soinsaari<\/li><\/ul>\n\n\n\n<div class=\"wp-container-5 wp-block-group\"><div class=\"wp-block-group__inner-container\"><\/div><\/div>\n\n\n\n<p>Lista p\u00e4ivitetty 15.12.2024<\/p>\n\n\n\n<figure class=\"wp-block-image size-large\"><a href=\"https:\/\/www.aiolos.fi\/wp-content\/uploads\/2025\/10\/Aanenavaus-ennen-aanitysta-2025-1.jpg\"><img loading=\"lazy\" width=\"1024\" height=\"768\" src=\"https:\/\/www.aiolos.fi\/wp-content\/uploads\/2025\/10\/Aanenavaus-ennen-aanitysta-2025-1-1024x768.jpg\" alt=\"\" class=\"wp-image-1254\" srcset=\"https:\/\/www.aiolos.fi\/wp-content\/uploads\/2025\/10\/Aanenavaus-ennen-aanitysta-2025-1-1024x768.jpg 1024w, https:\/\/www.aiolos.fi\/wp-content\/uploads\/2025\/10\/Aanenavaus-ennen-aanitysta-2025-1-300x225.jpg 300w, https:\/\/www.aiolos.fi\/wp-content\/uploads\/2025\/10\/Aanenavaus-ennen-aanitysta-2025-1-768x576.jpg 768w, https:\/\/www.aiolos.fi\/wp-content\/uploads\/2025\/10\/Aanenavaus-ennen-aanitysta-2025-1-1536x1152.jpg 1536w, https:\/\/www.aiolos.fi\/wp-content\/uploads\/2025\/10\/Aanenavaus-ennen-aanitysta-2025-1.jpg 2048w\" sizes=\"(max-width: 1024px) 100vw, 1024px\" \/><\/a><figcaption>Olavi, Lea, Tuulikki, Tarja ja Soile \u00e4\u00e4nenavauksessa<\/figcaption><\/figure>\n\n\n\n<figure class=\"wp-block-image size-large\"><a href=\"https:\/\/www.aiolos.fi\/wp-content\/uploads\/2025\/10\/Aanenavauksessa-2025-aanitys.jpg\"><img loading=\"lazy\" width=\"1024\" height=\"768\" src=\"https:\/\/www.aiolos.fi\/wp-content\/uploads\/2025\/10\/Aanenavauksessa-2025-aanitys-1024x768.jpg\" alt=\"\" class=\"wp-image-1255\" srcset=\"https:\/\/www.aiolos.fi\/wp-content\/uploads\/2025\/10\/Aanenavauksessa-2025-aanitys-1024x768.jpg 1024w, https:\/\/www.aiolos.fi\/wp-content\/uploads\/2025\/10\/Aanenavauksessa-2025-aanitys-300x225.jpg 300w, https:\/\/www.aiolos.fi\/wp-content\/uploads\/2025\/10\/Aanenavauksessa-2025-aanitys-768x576.jpg 768w, https:\/\/www.aiolos.fi\/wp-content\/uploads\/2025\/10\/Aanenavauksessa-2025-aanitys-1536x1152.jpg 1536w, https:\/\/www.aiolos.fi\/wp-content\/uploads\/2025\/10\/Aanenavauksessa-2025-aanitys.jpg 2048w\" sizes=\"(max-width: 1024px) 100vw, 1024px\" \/><\/a><figcaption>Maaret, Eija ja Marja-Liisa \u00e4\u00e4nenavauksessa<\/figcaption><\/figure>\n\n\n\n<figure class=\"wp-block-image size-large\"><a href=\"https:\/\/www.aiolos.fi\/wp-content\/uploads\/2025\/10\/Matti-Jarmo-ja-raino-aaanenavauksessa-12102025.jpg\"><img loading=\"lazy\" width=\"1024\" height=\"768\" src=\"https:\/\/www.aiolos.fi\/wp-content\/uploads\/2025\/10\/Matti-Jarmo-ja-raino-aaanenavauksessa-12102025-1024x768.jpg\" alt=\"\" class=\"wp-image-1256\" srcset=\"https:\/\/www.aiolos.fi\/wp-content\/uploads\/2025\/10\/Matti-Jarmo-ja-raino-aaanenavauksessa-12102025-1024x768.jpg 1024w, https:\/\/www.aiolos.fi\/wp-content\/uploads\/2025\/10\/Matti-Jarmo-ja-raino-aaanenavauksessa-12102025-300x225.jpg 300w, https:\/\/www.aiolos.fi\/wp-content\/uploads\/2025\/10\/Matti-Jarmo-ja-raino-aaanenavauksessa-12102025-768x576.jpg 768w, https:\/\/www.aiolos.fi\/wp-content\/uploads\/2025\/10\/Matti-Jarmo-ja-raino-aaanenavauksessa-12102025-1536x1152.jpg 1536w, https:\/\/www.aiolos.fi\/wp-content\/uploads\/2025\/10\/Matti-Jarmo-ja-raino-aaanenavauksessa-12102025.jpg 2048w\" sizes=\"(max-width: 1024px) 100vw, 1024px\" \/><\/a><figcaption>Jarmo, Raino ja Matti \u00e4\u00e4nenvauksessa<\/figcaption><\/figure>\n<div id=\"wp_fb_like_button\" style=\"margin:5px 5px 5px 0;float:left;height:100px;\"><script src=\"http:\/\/connect.facebook.net\/en_US\/all.js#xfbml=1\"><\/script><fb:like href=\"https:\/\/www.aiolos.fi\/?page_id=55\" send=\"true\" layout=\"standard\" width=\"450\" show_faces=\"true\" font=\"arial\" action=\"like\" colorscheme=\"light\"><\/fb:like><\/div>","protected":false},"excerpt":{"rendered":"<p>Kuoroharjoitukset Kuoro harjoittelee sunnuntaisin klo 17.30\u201319.45 Kempeleen Kirkonkyl\u00e4talolla. Syksyn 2025 harjoituskausi alkaa 17.8.2025. Kuoroharjoituksissa p\u00e4\u00e4paino on \u00e4\u00e4nenmuodostuksella ja kuoron soinnilla. Nuotinlukutaito on t\u00e4rke\u00e4 ominaisuus kuorolaisella, mutta tuemme toinen toisiamme stemmojen oppimisessa ja pid\u00e4mme tarvittaessa stemmaharjoituksiakin. Syksyll\u00e4 2025 \u00e4\u00e4nit\u00e4mme joitain kappaleita, osallistumme Kempeleen suureen kuorokonserttiin lokakuussa ja pid\u00e4mme joulukonsertin. Suunnittelemme esiintymismatkaa Erasmus-rahoituksella ulkomaille, esim. Italiaan. Kuoroon &hellip; <a href=\"https:\/\/www.aiolos.fi\/?page_id=55\" class=\"more-link\">Jatka lukemista <span class=\"screen-reader-text\">Kuoro<\/span> <span class=\"meta-nav\">&rarr;<\/span><\/a><\/p>\n","protected":false},"author":1,"featured_media":0,"parent":0,"menu_order":0,"comment_status":"open","ping_status":"closed","template":"","meta":[],"_links":{"self":[{"href":"https:\/\/www.aiolos.fi\/index.php?rest_route=\/wp\/v2\/pages\/55"}],"collection":[{"href":"https:\/\/www.aiolos.fi\/index.php?rest_route=\/wp\/v2\/pages"}],"about":[{"href":"https:\/\/www.aiolos.fi\/index.php?rest_route=\/wp\/v2\/types\/page"}],"author":[{"embeddable":true,"href":"https:\/\/www.aiolos.fi\/index.php?rest_route=\/wp\/v2\/users\/1"}],"replies":[{"embeddable":true,"href":"https:\/\/www.aiolos.fi\/index.php?rest_route=%2Fwp%2Fv2%2Fcomments&post=55"}],"version-history":[{"count":55,"href":"https:\/\/www.aiolos.fi\/index.php?rest_route=\/wp\/v2\/pages\/55\/revisions"}],"predecessor-version":[{"id":1257,"href":"https:\/\/www.aiolos.fi\/index.php?rest_route=\/wp\/v2\/pages\/55\/revisions\/1257"}],"wp:attachment":[{"href":"https:\/\/www.aiolos.fi\/index.php?rest_route=%2Fwp%2Fv2%2Fmedia&parent=55"}],"curies":[{"name":"wp","href":"https:\/\/api.w.org\/{rel}","templated":true}]}}