{"id":65,"date":"2011-11-04T21:28:09","date_gmt":"2011-11-04T19:28:09","guid":{"rendered":"http:\/\/anubis.webholder.net\/~aiolos\/?page_id=65"},"modified":"2022-05-22T15:21:47","modified_gmt":"2022-05-22T13:21:47","slug":"ohjelmisto","status":"publish","type":"page","link":"https:\/\/www.aiolos.fi\/?page_id=65","title":{"rendered":"Ohjelmisto"},"content":{"rendered":"<p>Kamarikuoro Aioloksen ohjelmisto on monipuolinen. Kuoro laulaa perinteist\u00e4 suomalaista kuoromusiikkia ja kansanlauluja, hengellisi\u00e4 lauluja ja kevytt\u00e4 musiikkia. Omien konserttien lis\u00e4ksi Aiolos on esitt\u00e4nyt useita suuria kirkkomusiikkiteoksia yhdess\u00e4 alueen muiden kuorojen ja orkesterien kanssa. N\u00e4it\u00e4 ovat mm. Beethovenin IX sinfonia, J.S. Bachin Johannespassio, sek\u00e4 Hidaksen, Faur\u00e9n ja Rutterin Requiemit. Aiolos on ollut my\u00f6s mukana kahdessa Suomen kantaesityksess\u00e4: Cyrillus Kreekin Requiemiss\u00e4 sek\u00e4 Karl Jenkinsin Requiemiss\u00e4. Aiolos esitti vuonna 2012 Oulun Musiikkijuhlilla Gilles Mathieun Irlantilaisen messun (Irish Mass), josta maistiaisia l\u00f6ytyy t\u00e4ll\u00e4 sivustolla kohdassa Aioloksen esitt\u00e4m\u00e4\u00e4 musiikkia. Vaikka kuoro on esitt\u00e4nyt suurteoksia, se ei v\u00e4heksy yht\u00e4k\u00e4\u00e4n pient\u00e4 laulua, jota se harjoittelee ja esitt\u00e4\u00e4. Pieni voi olla suurta ja tunnelman luominen lyhyeen lauluun voi olla hedelm\u00e4llist\u00e4.<\/p>\n<p><a href=\"http:\/\/anubis.webholder.net\/%7Eaiolos\/wp-content\/uploads\/2011\/11\/kaukaa1.jpg\"><img loading=\"lazy\" class=\"wp-image-101  aligncenter\" title=\"Aiolos konsertissa\" src=\"http:\/\/www.aiolos.fi\/wp-content\/uploads\/2011\/11\/kaukaa1.jpg\" alt=\"\" width=\"379\" height=\"251\" \/><\/a><\/p>\n<div id=\"wp_fb_like_button\" style=\"margin:5px 5px 5px 0;float:left;height:100px;\"><script src=\"http:\/\/connect.facebook.net\/en_US\/all.js#xfbml=1\"><\/script><fb:like href=\"https:\/\/www.aiolos.fi\/?page_id=65\" send=\"true\" layout=\"standard\" width=\"450\" show_faces=\"true\" font=\"arial\" action=\"like\" colorscheme=\"light\"><\/fb:like><\/div>","protected":false},"excerpt":{"rendered":"<p>Kamarikuoro Aioloksen ohjelmisto on monipuolinen. Kuoro laulaa perinteist\u00e4 suomalaista kuoromusiikkia ja kansanlauluja, hengellisi\u00e4 lauluja ja kevytt\u00e4 musiikkia. Omien konserttien lis\u00e4ksi Aiolos on esitt\u00e4nyt useita suuria kirkkomusiikkiteoksia yhdess\u00e4 alueen muiden kuorojen ja orkesterien kanssa. N\u00e4it\u00e4 ovat mm. Beethovenin IX sinfonia, J.S. Bachin Johannespassio, sek\u00e4 Hidaksen, Faur\u00e9n ja Rutterin Requiemit. Aiolos on ollut my\u00f6s mukana kahdessa Suomen &hellip; <a href=\"https:\/\/www.aiolos.fi\/?page_id=65\" class=\"more-link\">Jatka lukemista <span class=\"screen-reader-text\">Ohjelmisto<\/span> <span class=\"meta-nav\">&rarr;<\/span><\/a><\/p>\n","protected":false},"author":1,"featured_media":0,"parent":0,"menu_order":0,"comment_status":"open","ping_status":"open","template":"","meta":[],"_links":{"self":[{"href":"https:\/\/www.aiolos.fi\/index.php?rest_route=\/wp\/v2\/pages\/65"}],"collection":[{"href":"https:\/\/www.aiolos.fi\/index.php?rest_route=\/wp\/v2\/pages"}],"about":[{"href":"https:\/\/www.aiolos.fi\/index.php?rest_route=\/wp\/v2\/types\/page"}],"author":[{"embeddable":true,"href":"https:\/\/www.aiolos.fi\/index.php?rest_route=\/wp\/v2\/users\/1"}],"replies":[{"embeddable":true,"href":"https:\/\/www.aiolos.fi\/index.php?rest_route=%2Fwp%2Fv2%2Fcomments&post=65"}],"version-history":[{"count":19,"href":"https:\/\/www.aiolos.fi\/index.php?rest_route=\/wp\/v2\/pages\/65\/revisions"}],"predecessor-version":[{"id":1025,"href":"https:\/\/www.aiolos.fi\/index.php?rest_route=\/wp\/v2\/pages\/65\/revisions\/1025"}],"wp:attachment":[{"href":"https:\/\/www.aiolos.fi\/index.php?rest_route=%2Fwp%2Fv2%2Fmedia&parent=65"}],"curies":[{"name":"wp","href":"https:\/\/api.w.org\/{rel}","templated":true}]}}