{"id":69,"date":"2011-11-04T21:28:40","date_gmt":"2011-11-04T19:28:40","guid":{"rendered":"http:\/\/anubis.webholder.net\/~aiolos\/?page_id=69"},"modified":"2025-11-25T14:57:21","modified_gmt":"2025-11-25T12:57:21","slug":"ajankohtaista","status":"publish","type":"page","link":"https:\/\/www.aiolos.fi\/?page_id=69","title":{"rendered":"Keikkakalenteri"},"content":{"rendered":"\n<p>31.10.2025 klo 18 Musa kasvaa Kempeleess\u00e4 -kuorotapahtuma, Piril\u00e4-sali, Kempele<\/p>\n\n\n\n<p>14.12.2025 Esiintyminen vanhainkoti Hovilassa<\/p>\n\n\n\n<p>21.12.2025 klo 18 Kauneimmat joululaulut, Kempeleen Pyh\u00e4n Kolminaisuuden kirkko<\/p>\n\n\n\n<figure class=\"wp-block-image size-large\"><a href=\"https:\/\/www.aiolos.fi\/wp-content\/uploads\/2025\/10\/Aiolos-Piippolassa-kevat-2025.jpg\"><img loading=\"lazy\" width=\"1024\" height=\"768\" src=\"https:\/\/www.aiolos.fi\/wp-content\/uploads\/2025\/10\/Aiolos-Piippolassa-kevat-2025-1024x768.jpg\" alt=\"\" class=\"wp-image-1258\" srcset=\"https:\/\/www.aiolos.fi\/wp-content\/uploads\/2025\/10\/Aiolos-Piippolassa-kevat-2025-1024x768.jpg 1024w, https:\/\/www.aiolos.fi\/wp-content\/uploads\/2025\/10\/Aiolos-Piippolassa-kevat-2025-300x225.jpg 300w, https:\/\/www.aiolos.fi\/wp-content\/uploads\/2025\/10\/Aiolos-Piippolassa-kevat-2025-768x576.jpg 768w, https:\/\/www.aiolos.fi\/wp-content\/uploads\/2025\/10\/Aiolos-Piippolassa-kevat-2025-1536x1152.jpg 1536w, https:\/\/www.aiolos.fi\/wp-content\/uploads\/2025\/10\/Aiolos-Piippolassa-kevat-2025.jpg 1600w\" sizes=\"(max-width: 1024px) 100vw, 1024px\" \/><\/a><figcaption>Kamarikuoro Aiolos Piippolan kirkossa 30.3.2025<\/figcaption><\/figure>\n<div id=\"wp_fb_like_button\" style=\"margin:5px 5px 5px 0;float:left;height:100px;\"><script src=\"http:\/\/connect.facebook.net\/en_US\/all.js#xfbml=1\"><\/script><fb:like href=\"https:\/\/www.aiolos.fi\/?page_id=69\" send=\"true\" layout=\"standard\" width=\"450\" show_faces=\"true\" font=\"arial\" action=\"like\" colorscheme=\"light\"><\/fb:like><\/div>","protected":false},"excerpt":{"rendered":"<p>31.10.2025 klo 18 Musa kasvaa Kempeleess\u00e4 -kuorotapahtuma, Piril\u00e4-sali, Kempele 14.12.2025 Esiintyminen vanhainkoti Hovilassa 21.12.2025 klo 18 Kauneimmat joululaulut, Kempeleen Pyh\u00e4n Kolminaisuuden kirkko<\/p>\n","protected":false},"author":1,"featured_media":0,"parent":0,"menu_order":2,"comment_status":"open","ping_status":"open","template":"","meta":[],"_links":{"self":[{"href":"https:\/\/www.aiolos.fi\/index.php?rest_route=\/wp\/v2\/pages\/69"}],"collection":[{"href":"https:\/\/www.aiolos.fi\/index.php?rest_route=\/wp\/v2\/pages"}],"about":[{"href":"https:\/\/www.aiolos.fi\/index.php?rest_route=\/wp\/v2\/types\/page"}],"author":[{"embeddable":true,"href":"https:\/\/www.aiolos.fi\/index.php?rest_route=\/wp\/v2\/users\/1"}],"replies":[{"embeddable":true,"href":"https:\/\/www.aiolos.fi\/index.php?rest_route=%2Fwp%2Fv2%2Fcomments&post=69"}],"version-history":[{"count":98,"href":"https:\/\/www.aiolos.fi\/index.php?rest_route=\/wp\/v2\/pages\/69\/revisions"}],"predecessor-version":[{"id":1263,"href":"https:\/\/www.aiolos.fi\/index.php?rest_route=\/wp\/v2\/pages\/69\/revisions\/1263"}],"wp:attachment":[{"href":"https:\/\/www.aiolos.fi\/index.php?rest_route=%2Fwp%2Fv2%2Fmedia&parent=69"}],"curies":[{"name":"wp","href":"https:\/\/api.w.org\/{rel}","templated":true}]}}